{"id":37012,"date":"2023-07-10T08:45:06","date_gmt":"2023-07-10T08:45:06","guid":{"rendered":"https:\/\/seojokers.com\/?post_type=product&#038;p=37012"},"modified":"2024-11-27T10:33:26","modified_gmt":"2024-11-27T10:33:26","slug":"mini-vps","status":"publish","type":"product","link":"https:\/\/seojokers.com\/de\/produkt\/mini-vps\/","title":{"rendered":"Mini-VPS"},"content":{"rendered":"<p>Alle unsere Hosting-Pl\u00e4ne bieten nahezu das gleiche Ma\u00df an Sicherheit, unterscheiden sich jedoch in der Backup-Redundanz, Bandbreite und Speicherkapazit\u00e4t.<\/p>","protected":false},"excerpt":{"rendered":"<section class=\"elementor-section elementor-top-section elementor-element elementor-element-43901f21 elementor-reverse-mobile elementor-section-boxed elementor-section-height-default elementor-section-height-default\" data-particle_enable=\"false\" data-particle-mobile-disabled=\"false\" data-id=\"43901f21\" data-element_type=\"section\">\n<div class=\"elementor-container elementor-column-gap-wide\">\n<div class=\"elementor-column elementor-col-100 elementor-top-column elementor-element elementor-element-5e2dc6f5\" data-id=\"5e2dc6f5\" data-element_type=\"column\">\n<div class=\"elementor-widget-wrap elementor-element-populated\">\n<div class=\"elementor-element elementor-element-5e1cb243 elementor-widget elementor-widget-woocommerce-product-data-tabs\" data-id=\"5e1cb243\" data-element_type=\"widget\" data-widget_type=\"woocommerce-product-data-tabs.default\">\n<div class=\"elementor-widget-container\">\n<div class=\"woocommerce-tabs wc-tabs-wrapper\">\n<div id=\"tab-description\" class=\"woocommerce-Tabs-panel woocommerce-Tabs-panel--description panel entry-content wc-tab\" role=\"tabpanel\" aria-labelledby=\"tab-title-description\">\n<p>Die Verwaltung Ihres Hostings und Ihrer Backups ist etwas, das Sie nie alleine erledigen m\u00fcssten, da es sich um eine Erg\u00e4nzung zu Ihrem bestehenden Serviceplan handelt.<\/p>\n<\/div>\n<\/div>\n<\/div>\n<\/div>\n<\/div>\n<\/div>\n<\/div>\n<\/section>\n<section class=\"elementor-section elementor-top-section elementor-element elementor-element-e02a4d6 elementor-reverse-mobile elementor-section-boxed elementor-section-height-default elementor-section-height-default\" data-particle_enable=\"false\" data-particle-mobile-disabled=\"false\" data-id=\"e02a4d6\" data-element_type=\"section\">\n<div class=\"elementor-container elementor-column-gap-wide\">\n<div class=\"elementor-column elementor-col-100 elementor-top-column elementor-element elementor-element-c5583a7\" data-id=\"c5583a7\" data-element_type=\"column\">\n<div class=\"elementor-widget-wrap elementor-element-populated\">\n<div class=\"elementor-element elementor-element-fa1c59b elementor-product-loop-item--align-left elementor-grid-4 elementor-grid-tablet-3 elementor-grid-mobile-2 elementor-products-grid elementor-wc-products show-heading-yes elementor-widget elementor-widget-woocommerce-product-related\" data-id=\"fa1c59b\" data-element_type=\"widget\" data-widget_type=\"woocommerce-product-related.default\">\n<div class=\"elementor-widget-container\"><\/div>\n<\/div>\n<\/div>\n<\/div>\n<\/div>\n<\/section>","protected":false},"featured_media":40657,"template":"","meta":[],"product_brand":[],"product_cat":[99],"product_tag":[],"class_list":{"0":"post-37012","1":"product","2":"type-product","3":"status-publish","4":"has-post-thumbnail","6":"product_cat-hosting","8":"first","9":"instock","10":"virtual","11":"sold-individually","12":"taxable","13":"purchasable","14":"product-type-simple"},"_links":{"self":[{"href":"https:\/\/seojokers.com\/de\/wp-json\/wp\/v2\/product\/37012","targetHints":{"allow":["GET"]}}],"collection":[{"href":"https:\/\/seojokers.com\/de\/wp-json\/wp\/v2\/product"}],"about":[{"href":"https:\/\/seojokers.com\/de\/wp-json\/wp\/v2\/types\/product"}],"wp:featuredmedia":[{"embeddable":true,"href":"https:\/\/seojokers.com\/de\/wp-json\/wp\/v2\/media\/40657"}],"wp:attachment":[{"href":"https:\/\/seojokers.com\/de\/wp-json\/wp\/v2\/media?parent=37012"}],"wp:term":[{"taxonomy":"product_brand","embeddable":true,"href":"https:\/\/seojokers.com\/de\/wp-json\/wp\/v2\/product_brand?post=37012"},{"taxonomy":"product_cat","embeddable":true,"href":"https:\/\/seojokers.com\/de\/wp-json\/wp\/v2\/product_cat?post=37012"},{"taxonomy":"product_tag","embeddable":true,"href":"https:\/\/seojokers.com\/de\/wp-json\/wp\/v2\/product_tag?post=37012"}],"curies":[{"name":"wp","href":"https:\/\/api.w.org\/{rel}","templated":true}]}}