{"id":29889,"date":"2023-02-05T09:09:01","date_gmt":"2023-02-05T09:09:01","guid":{"rendered":"https:\/\/seojokers.com\/?post_type=product&#038;p=29889"},"modified":"2023-09-30T20:28:07","modified_gmt":"2023-09-30T20:28:07","slug":"dedicated-server","status":"publish","type":"product","link":"https:\/\/seojokers.com\/de\/produkt\/dedicated-server\/","title":{"rendered":"Dediziertes Hosting"},"content":{"rendered":"<p>Sind Sie auf der Suche nach einem dedizierten Server, der auf Ihre Bed\u00fcrfnisse zugeschnitten ist, m\u00f6chten aber die Finger davon lassen und einen erstklassigen Service erhalten?<\/p>\n<p>Unsere dedizierte Premium-L\u00f6sung eignet sich perfekt f\u00fcr E-Commerce-Websites und gro\u00dfe Websites mit hohem Datenverkehr.<br \/>\n100.000 Seiten? Betrachten Sie es als leichte Arbeit. 10.000.000 Besuche pro Monat? Betrachten Sie diesen normalen Verkehr. Unbeschr\u00e4nkte Bandbreite.<\/p>\n<p data-pm-slice=\"1 1 []\">Wir richten alles inklusive Sicherheit f\u00fcr Ihren Server ein.<\/p>\n<p>Bei den Hosting-Anbietern stehen Ihnen mehrere Optionen zur Auswahl, sodass der geografische Standort kein Problem darstellt.<\/p>\n<p>*F\u00fcr Agenturen nicht verf\u00fcgbar<\/p>","protected":false},"excerpt":{"rendered":"<p>Are you looking for a dedicated server customized to your needs but you want to be hands off and receive a top notch service? Our premium dedicated solution is perfect for ecommerce websites and huge websites with high amounts of traffic. 100,000 pages? Consider it lightwork. 10,000,000 visits per month? Consider this normal traffic. Unlimited [&hellip;]<\/p>\n","protected":false},"featured_media":40657,"template":"","meta":[],"product_brand":[],"product_cat":[99],"product_tag":[],"class_list":{"0":"post-29889","1":"product","2":"type-product","3":"status-publish","4":"has-post-thumbnail","6":"product_cat-hosting","8":"first","9":"instock","10":"virtual","11":"sold-individually","12":"taxable","13":"purchasable","14":"product-type-simple"},"_links":{"self":[{"href":"https:\/\/seojokers.com\/de\/wp-json\/wp\/v2\/product\/29889","targetHints":{"allow":["GET"]}}],"collection":[{"href":"https:\/\/seojokers.com\/de\/wp-json\/wp\/v2\/product"}],"about":[{"href":"https:\/\/seojokers.com\/de\/wp-json\/wp\/v2\/types\/product"}],"wp:featuredmedia":[{"embeddable":true,"href":"https:\/\/seojokers.com\/de\/wp-json\/wp\/v2\/media\/40657"}],"wp:attachment":[{"href":"https:\/\/seojokers.com\/de\/wp-json\/wp\/v2\/media?parent=29889"}],"wp:term":[{"taxonomy":"product_brand","embeddable":true,"href":"https:\/\/seojokers.com\/de\/wp-json\/wp\/v2\/product_brand?post=29889"},{"taxonomy":"product_cat","embeddable":true,"href":"https:\/\/seojokers.com\/de\/wp-json\/wp\/v2\/product_cat?post=29889"},{"taxonomy":"product_tag","embeddable":true,"href":"https:\/\/seojokers.com\/de\/wp-json\/wp\/v2\/product_tag?post=29889"}],"curies":[{"name":"wp","href":"https:\/\/api.w.org\/{rel}","templated":true}]}}