{"id":4986,"date":"2022-01-07T09:43:07","date_gmt":"2022-01-07T09:43:07","guid":{"rendered":"https:\/\/seojokers.com\/?page_id=4986"},"modified":"2025-04-17T10:51:16","modified_gmt":"2025-04-17T10:51:16","slug":"cloud","status":"publish","type":"page","link":"https:\/\/seojokers.com\/de\/web\/cloud\/","title":{"rendered":"White Glove SEO-Webhosting"},"content":{"rendered":"<div data-elementor-type=\"wp-page\" data-elementor-id=\"4986\" class=\"elementor elementor-4986\" data-elementor-post-type=\"page\">\n\t\t\t\t\t\t<section class=\"elementor-section elementor-top-section elementor-element elementor-element-413375d elementor-section-boxed elementor-section-height-default elementor-section-height-default\" data-id=\"413375d\" data-element_type=\"section\" data-e-type=\"section\" data-settings=\"{&quot;animation_mobile&quot;:&quot;none&quot;}\">\n\t\t\t\t\t\t<div class=\"elementor-container elementor-column-gap-default\">\n\t\t\t\t\t<div class=\"elementor-column elementor-col-50 elementor-top-column elementor-element elementor-element-1560121\" data-id=\"1560121\" data-element_type=\"column\" data-e-type=\"column\">\n\t\t\t<div class=\"elementor-widget-wrap elementor-element-populated\">\n\t\t\t\t\t\t<div class=\"elementor-element elementor-element-55d091e elementor-widget elementor-widget-text-editor\" data-id=\"55d091e\" data-element_type=\"widget\" data-e-type=\"widget\" data-widget_type=\"text-editor.default\">\n\t\t\t\t<div class=\"elementor-widget-container\">\n\t\t\t\t\t\t\t\t\t<p>Wir bieten rund um die Uhr technischen Live-Support per Telefon, Live-Chat, WhatsApp und E-Mail.<\/p><p><span class=\"WdYUQQ text-decoration-none text-strikethrough-none\">Wir hosten Sie auf einem leistungsstarken, suchmaschinenfreundlichen Server mit erstklassiger Cybersicherheit gegen Spammer. Dies wird Such-Bots anlocken und Ihnen helfen, online zu ranken!<\/span><\/p><p>Alle unsere Webhosting-Pl\u00e4ne sind verwaltete Server und auf Ihre Bed\u00fcrfnisse zugeschnitten, um erstklassige Leistung und Sicherheit zu gew\u00e4hrleisten.<\/p>\t\t\t\t\t\t\t\t<\/div>\n\t\t\t\t<\/div>\n\t\t\t\t\t<\/div>\n\t\t<\/div>\n\t\t\t\t<div class=\"elementor-column elementor-col-50 elementor-top-column elementor-element elementor-element-e9ce097\" data-id=\"e9ce097\" data-element_type=\"column\" data-e-type=\"column\" data-settings=\"{&quot;animation_mobile&quot;:&quot;none&quot;}\">\n\t\t\t<div class=\"elementor-widget-wrap elementor-element-populated\">\n\t\t\t\t\t\t<div class=\"elementor-element elementor-element-ab0a961 elementor-widget elementor-widget-video\" data-id=\"ab0a961\" data-element_type=\"widget\" data-e-type=\"widget\" data-settings=\"{&quot;youtube_url&quot;:&quot;https:\\\/\\\/www.youtube.com\\\/watch?v=PfqKKquA_R0&quot;,&quot;video_type&quot;:&quot;youtube&quot;,&quot;controls&quot;:&quot;yes&quot;}\" data-widget_type=\"video.default\">\n\t\t\t\t<div class=\"elementor-widget-container\">\n\t\t\t\t\t\t\t<div class=\"elementor-wrapper elementor-open-inline\">\n\t\t\t<div class=\"elementor-video\"><\/div>\t\t<\/div>\n\t\t\t\t\t\t<\/div>\n\t\t\t\t<\/div>\n\t\t\t\t\t<\/div>\n\t\t<\/div>\n\t\t\t\t\t<\/div>\n\t\t<\/section>\n\t\t\t\t<section class=\"elementor-section elementor-top-section elementor-element elementor-element-0570e46 elementor-section-boxed elementor-section-height-default elementor-section-height-default\" data-id=\"0570e46\" data-element_type=\"section\" data-e-type=\"section\" data-settings=\"{&quot;animation_mobile&quot;:&quot;none&quot;}\">\n\t\t\t\t\t\t<div class=\"elementor-container elementor-column-gap-default\">\n\t\t\t\t\t<div class=\"elementor-column elementor-col-100 elementor-top-column elementor-element elementor-element-5effed4\" data-id=\"5effed4\" data-element_type=\"column\" data-e-type=\"column\">\n\t\t\t<div class=\"elementor-widget-wrap elementor-element-populated\">\n\t\t\t\t\t\t<div class=\"elementor-element elementor-element-ece5988 elementor-widget elementor-widget-text-editor\" data-id=\"ece5988\" data-element_type=\"widget\" data-e-type=\"widget\" data-widget_type=\"text-editor.default\">\n\t\t\t\t<div class=\"elementor-widget-container\">\n\t\t\t\t\t\t\t\t\t<div class=\"IFuOkc\">Unsere Websites werden auf dedizierten Servern gehostet und sind suchfreundlich optimiert.<\/div><div class=\"mYVXT\"><div class=\"LS81yb VICjCf\" tabindex=\"-1\"><div class=\"hJDwNd-AhqUyc-uQSCkd purZT-AhqUyc-II5mzb pSzOP-AhqUyc-qWD73c JNdkSc\"><div class=\"JNdkSc-SmKAyb\"><div class=\"\"><div class=\"oKdM2c Kzv0Me\"><div id=\"h.5e1e09221d5e1a1a_35\" class=\"hJDwNd-AhqUyc-uQSCkd jXK9ad D2fZ2 OjCsFc wHaque GNzUNc\"><div class=\"jXK9ad-SmKAyb\"><div class=\"tyJCtd mGzaTb baZpAe\"><p class=\"CDt4Ke zfr3Q\" dir=\"ltr\">Wir hosten nur InMotion Hosting mit der h\u00f6chsten Sicherheitsstufe oder jeden Hosting-Dienst mit einer Staging-\/Entwicklungsumgebung und automatisierten Backups, es sei denn, Sie haben ein eigenes Entwicklungsteam.<\/p><p class=\"CDt4Ke zfr3Q\" dir=\"ltr\">Websites, die gr\u00f6\u00dfer als 50 GB sind, m\u00fcssen einen VPS\/dedizierten Server erwerben oder bereits darauf gehostet werden, damit wir ohne Leistungsprobleme arbeiten k\u00f6nnen.<\/p><\/div><\/div><\/div><\/div><\/div><\/div><\/div><\/div><\/div>\t\t\t\t\t\t\t\t<\/div>\n\t\t\t\t<\/div>\n\t\t\t\t\t<\/div>\n\t\t<\/div>\n\t\t\t\t\t<\/div>\n\t\t<\/section>\n\t\t\t\t<section class=\"elementor-section elementor-top-section elementor-element elementor-element-4db199c elementor-section-boxed elementor-section-height-default elementor-section-height-default\" data-id=\"4db199c\" data-element_type=\"section\" data-e-type=\"section\" data-settings=\"{&quot;animation_mobile&quot;:&quot;none&quot;}\">\n\t\t\t\t\t\t<div class=\"elementor-container elementor-column-gap-default\">\n\t\t\t\t\t<div class=\"elementor-column elementor-col-50 elementor-top-column elementor-element elementor-element-7212d20 elementor-invisible\" data-id=\"7212d20\" data-element_type=\"column\" data-e-type=\"column\" data-settings=\"{&quot;animation&quot;:&quot;fadeInLeft&quot;,&quot;animation_mobile&quot;:&quot;none&quot;}\">\n\t\t\t<div class=\"elementor-widget-wrap elementor-element-populated\">\n\t\t\t\t\t\t<div class=\"elementor-element elementor-element-624ddc4 elementor-widget elementor-widget-text-editor\" data-id=\"624ddc4\" data-element_type=\"widget\" data-e-type=\"widget\" data-widget_type=\"text-editor.default\">\n\t\t\t\t<div class=\"elementor-widget-container\">\n\t\t\t\t\t\t\t\t\t<p>Auch wenn Shared Hosting in Ordnung ist. Aus Gr\u00fcnden der Benutzerfreundlichkeit werden wir dies tun <strong>niemals<\/strong> Stellen Sie Ihnen einen Shared-Hosting-Plan zur Verf\u00fcgung!\u00a0<\/p><p>Unsere Server sind extrem schnell und k\u00f6nnen die gr\u00f6\u00dften Crawls und massiven Web-Traffic-Str\u00f6me bew\u00e4ltigen!<\/p><p>Googlebot und andere Suchmaschinen-Crawler werden Ihre Website lieben!<\/p>\t\t\t\t\t\t\t\t<\/div>\n\t\t\t\t<\/div>\n\t\t\t\t\t<\/div>\n\t\t<\/div>\n\t\t\t\t<div class=\"elementor-column elementor-col-50 elementor-top-column elementor-element elementor-element-d98ef87 elementor-invisible\" data-id=\"d98ef87\" data-element_type=\"column\" data-e-type=\"column\" data-settings=\"{&quot;animation&quot;:&quot;fadeInRight&quot;}\">\n\t\t\t<div class=\"elementor-widget-wrap elementor-element-populated\">\n\t\t\t\t\t\t<div class=\"elementor-element elementor-element-648e2c0 elementor-widget elementor-widget-video\" data-id=\"648e2c0\" data-element_type=\"widget\" data-e-type=\"widget\" data-settings=\"{&quot;youtube_url&quot;:&quot;https:\\\/\\\/www.youtube.com\\\/watch?v=VQpRU8aqSZk&quot;,&quot;video_type&quot;:&quot;youtube&quot;,&quot;controls&quot;:&quot;yes&quot;}\" data-widget_type=\"video.default\">\n\t\t\t\t<div class=\"elementor-widget-container\">\n\t\t\t\t\t\t\t<div class=\"elementor-wrapper elementor-open-inline\">\n\t\t\t<div class=\"elementor-video\"><\/div>\t\t<\/div>\n\t\t\t\t\t\t<\/div>\n\t\t\t\t<\/div>\n\t\t\t\t\t<\/div>\n\t\t<\/div>\n\t\t\t\t\t<\/div>\n\t\t<\/section>\n\t\t\t\t<section class=\"elementor-section elementor-top-section elementor-element elementor-element-2d82d4f elementor-section-boxed elementor-section-height-default elementor-section-height-default\" data-id=\"2d82d4f\" data-element_type=\"section\" data-e-type=\"section\" data-settings=\"{&quot;animation_mobile&quot;:&quot;none&quot;}\">\n\t\t\t\t\t\t<div class=\"elementor-container elementor-column-gap-default\">\n\t\t\t\t\t<div class=\"elementor-column elementor-col-50 elementor-top-column elementor-element elementor-element-afc815b\" data-id=\"afc815b\" data-element_type=\"column\" data-e-type=\"column\" data-settings=\"{&quot;animation_mobile&quot;:&quot;none&quot;}\">\n\t\t\t<div class=\"elementor-widget-wrap elementor-element-populated\">\n\t\t\t\t\t\t<div class=\"elementor-element elementor-element-27747a9 elementor-widget elementor-widget-text-editor\" data-id=\"27747a9\" data-element_type=\"widget\" data-e-type=\"widget\" data-widget_type=\"text-editor.default\">\n\t\t\t\t<div class=\"elementor-widget-container\">\n\t\t\t\t\t\t\t\t\t<p>Wir bieten Dom\u00e4nenregistrierung und Website-Migrationen an, sodass Sie sicher sein k\u00f6nnen, dass Ihr System ordnungsgem\u00e4\u00df integriert wird, einschlie\u00dflich der Auswahl des richtigen Server-Geostandorts und der Sicherung Ihrer Daten und Websites.<\/p><p>Wir k\u00f6nnen f\u00fcr Sie ein Content Delivery Network integrieren, um das Suchmaschinenranking zu verbessern. und eine bessere Benutzererfahrung.<\/p><p>F\u00fcr erweiterte Dienste wie die Konvertierung individuell erstellter Websites oder Websites von anderen Plattformen in WordPress k\u00f6nnen Sie sich gerne an uns wenden.<\/p>\t\t\t\t\t\t\t\t<\/div>\n\t\t\t\t<\/div>\n\t\t\t\t\t<\/div>\n\t\t<\/div>\n\t\t\t\t<div class=\"elementor-column elementor-col-50 elementor-top-column elementor-element elementor-element-ba4a952\" data-id=\"ba4a952\" data-element_type=\"column\" data-e-type=\"column\" data-settings=\"{&quot;animation_mobile&quot;:&quot;none&quot;}\">\n\t\t\t<div class=\"elementor-widget-wrap elementor-element-populated\">\n\t\t\t\t\t\t<div class=\"elementor-element elementor-element-8db3e44 elementor-widget elementor-widget-video\" data-id=\"8db3e44\" data-element_type=\"widget\" data-e-type=\"widget\" data-settings=\"{&quot;youtube_url&quot;:&quot;https:\\\/\\\/www.youtube.com\\\/watch?v=keIzr3eWK8I&quot;,&quot;video_type&quot;:&quot;youtube&quot;,&quot;controls&quot;:&quot;yes&quot;}\" data-widget_type=\"video.default\">\n\t\t\t\t<div class=\"elementor-widget-container\">\n\t\t\t\t\t\t\t<div class=\"elementor-wrapper elementor-open-inline\">\n\t\t\t<div class=\"elementor-video\"><\/div>\t\t<\/div>\n\t\t\t\t\t\t<\/div>\n\t\t\t\t<\/div>\n\t\t\t\t\t<\/div>\n\t\t<\/div>\n\t\t\t\t\t<\/div>\n\t\t<\/section>\n\t\t\t\t<section class=\"elementor-section elementor-top-section elementor-element elementor-element-a2a172e elementor-section-boxed elementor-section-height-default elementor-section-height-default elementor-invisible\" data-id=\"a2a172e\" data-element_type=\"section\" data-e-type=\"section\" data-settings=\"{&quot;animation&quot;:&quot;fadeIn&quot;}\">\n\t\t\t\t\t\t<div class=\"elementor-container elementor-column-gap-default\">\n\t\t\t\t\t<div class=\"elementor-column elementor-col-100 elementor-top-column elementor-element elementor-element-e1ce258\" data-id=\"e1ce258\" data-element_type=\"column\" data-e-type=\"column\">\n\t\t\t<div class=\"elementor-widget-wrap elementor-element-populated\">\n\t\t\t\t\t\t<section class=\"elementor-section elementor-inner-section elementor-element elementor-element-4612a40 elementor-section-boxed elementor-section-height-default elementor-section-height-default\" data-id=\"4612a40\" data-element_type=\"section\" data-e-type=\"section\">\n\t\t\t\t\t\t<div class=\"elementor-container elementor-column-gap-default\">\n\t\t\t\t\t<div class=\"elementor-column elementor-col-100 elementor-inner-column elementor-element elementor-element-0e534b5\" data-id=\"0e534b5\" data-element_type=\"column\" data-e-type=\"column\" data-settings=\"{&quot;background_background&quot;:&quot;classic&quot;}\">\n\t\t\t<div class=\"elementor-widget-wrap elementor-element-populated\">\n\t\t\t\t\t\t<div class=\"elementor-element elementor-element-f5ab777 elementor-widget elementor-widget-testimonial\" data-id=\"f5ab777\" data-element_type=\"widget\" data-e-type=\"widget\" data-widget_type=\"testimonial.default\">\n\t\t\t\t<div class=\"elementor-widget-container\">\n\t\t\t\t\t\t\t<div class=\"elementor-testimonial-wrapper\">\n\t\t\t\t\t\t\t<div class=\"elementor-testimonial-content\">\u201eWenn Sie den Server des Vatikans hacken, haben Sie sich dann in Gottes Dom\u00e4ne manipuliert?\u201c<\/div>\n\t\t\t\n\t\t\t\t\t\t<div class=\"elementor-testimonial-meta elementor-has-image elementor-testimonial-image-position-top\">\n\t\t\t\t<div class=\"elementor-testimonial-meta-inner\">\n\t\t\t\t\t\t\t\t\t\t\t<div class=\"elementor-testimonial-image\">\n\t\t\t\t\t\t\t<img fetchpriority=\"high\" decoding=\"async\" width=\"1000\" height=\"544\" src=\"https:\/\/seojokers.com\/wp-content\/uploads\/2022\/01\/aaron-allston.jpg\" class=\"attachment-full size-full wp-image-7834\" alt=\"\" srcset=\"https:\/\/seojokers.com\/wp-content\/uploads\/2022\/01\/aaron-allston.jpg 1000w, https:\/\/seojokers.com\/wp-content\/uploads\/2022\/01\/aaron-allston-600x326.jpg 600w, https:\/\/seojokers.com\/wp-content\/uploads\/2022\/01\/aaron-allston-300x163.jpg 300w, https:\/\/seojokers.com\/wp-content\/uploads\/2022\/01\/aaron-allston-768x418.jpg 768w\" sizes=\"(max-width: 1000px) 100vw, 1000px\" \/>\t\t\t\t\t\t<\/div>\n\t\t\t\t\t\n\t\t\t\t\t\t\t\t\t\t<div class=\"elementor-testimonial-details\">\n\t\t\t\t\t\t\t\t\t\t\t\t\t\t<div class=\"elementor-testimonial-name\">Aaron Allston<\/div>\n\t\t\t\t\t\t\t\t\t\t\t\t\t\t\t\t\t\t\t\t\t\t<div class=\"elementor-testimonial-job\">Spieledesigner<\/div>\n\t\t\t\t\t\t\t\t\t\t\t\t\t<\/div>\n\t\t\t\t\t\t\t\t\t<\/div>\n\t\t\t<\/div>\n\t\t\t\t\t<\/div>\n\t\t\t\t\t\t<\/div>\n\t\t\t\t<\/div>\n\t\t\t\t\t<\/div>\n\t\t<\/div>\n\t\t\t\t\t<\/div>\n\t\t<\/section>\n\t\t\t\t\t<\/div>\n\t\t<\/div>\n\t\t\t\t\t<\/div>\n\t\t<\/section>\n\t\t\t\t<section class=\"elementor-section elementor-top-section elementor-element elementor-element-cba976e elementor-section-boxed elementor-section-height-default elementor-section-height-default\" data-id=\"cba976e\" data-element_type=\"section\" data-e-type=\"section\">\n\t\t\t\t\t\t<div class=\"elementor-container elementor-column-gap-default\">\n\t\t\t\t\t<div class=\"elementor-column elementor-col-100 elementor-top-column elementor-element elementor-element-d34bb96\" data-id=\"d34bb96\" data-element_type=\"column\" data-e-type=\"column\">\n\t\t\t<div class=\"elementor-widget-wrap elementor-element-populated\">\n\t\t\t\t\t\t<div class=\"elementor-element elementor-element-3fa3a44 elementor-product-loop-item--align-center elementor-grid-mobile-2 elementor-grid-4 elementor-grid-tablet-3 elementor-products-grid elementor-wc-products elementor-widget elementor-widget-woocommerce-products\" data-id=\"3fa3a44\" data-element_type=\"widget\" data-e-type=\"widget\" data-widget_type=\"woocommerce-products.default\">\n\t\t\t\t<div class=\"elementor-widget-container\">\n\t\t\t\t\t<div class=\"woocommerce columns-4\"><ul class=\"products elementor-grid columns-4\">\n<li class=\"product type-product post-36711 status-publish first instock product_cat-hosting has-post-thumbnail virtual sold-individually taxable purchasable product-type-simple\">\n\t<a href=\"https:\/\/seojokers.com\/de\/produkt\/vps-joker\/\" class=\"woocommerce-LoopProduct-link woocommerce-loop-product__link\"><img decoding=\"async\" width=\"600\" height=\"600\" src=\"https:\/\/seojokers.com\/wp-content\/uploads\/2023\/09\/corner-logo-600x600.png\" class=\"attachment-woocommerce_thumbnail size-woocommerce_thumbnail\" alt=\"VPS Joker\" srcset=\"https:\/\/seojokers.com\/wp-content\/uploads\/2023\/09\/corner-logo-600x600.png 600w, https:\/\/seojokers.com\/wp-content\/uploads\/2023\/09\/corner-logo-100x100.png 100w, https:\/\/seojokers.com\/wp-content\/uploads\/2023\/09\/corner-logo-150x150.png 150w\" sizes=\"(max-width: 600px) 100vw, 600px\" \/><h2 class=\"woocommerce-loop-product__title\">VPS-Joker<\/h2>\n\t<span class=\"price\"><span class=\"woocommerce-Price-amount amount\"><bdi><span class=\"woocommerce-Price-currencySymbol\">&#36;<\/span>3,500<\/bdi><\/span><\/span>\n<\/a><a href=\"\/de\/wp-json\/wp\/v2\/pages\/4986?add-to-cart=36711\" aria-describedby=\"woocommerce_loop_add_to_cart_link_describedby_36711\" data-quantity=\"1\" class=\"button product_type_simple add_to_cart_button ajax_add_to_cart\" data-product_id=\"36711\" data-product_sku=\"vps-joker\" aria-label=\"Zum Warenkorb hinzuf\u00fcgen: \u201eVPS Joker\u201c\" rel=\"nofollow\" data-success_message=\"\u201eVPS Joker\u201c wurde Ihrem Warenkorb hinzugef\u00fcgt\" role=\"button\" data-no-translation=\"\" data-trp-gettext=\"\" data-no-translation-aria-label=\"\" data-no-translation-data-success_message=\"\">In den Warenkorb<\/a>\t<span id=\"woocommerce_loop_add_to_cart_link_describedby_36711\" class=\"screen-reader-text\">\n\t\t\t<\/span>\n<\/li>\n<li class=\"product type-product post-29889 status-publish instock product_cat-hosting has-post-thumbnail virtual sold-individually taxable purchasable product-type-simple\">\n\t<a href=\"https:\/\/seojokers.com\/de\/produkt\/dedicated-server\/\" class=\"woocommerce-LoopProduct-link woocommerce-loop-product__link\"><img decoding=\"async\" width=\"600\" height=\"600\" src=\"https:\/\/seojokers.com\/wp-content\/uploads\/2023\/09\/corner-logo-600x600.png\" class=\"attachment-woocommerce_thumbnail size-woocommerce_thumbnail\" alt=\"Dedicated Hosting\" srcset=\"https:\/\/seojokers.com\/wp-content\/uploads\/2023\/09\/corner-logo-600x600.png 600w, https:\/\/seojokers.com\/wp-content\/uploads\/2023\/09\/corner-logo-100x100.png 100w, https:\/\/seojokers.com\/wp-content\/uploads\/2023\/09\/corner-logo-150x150.png 150w\" sizes=\"(max-width: 600px) 100vw, 600px\" \/><h2 class=\"woocommerce-loop-product__title\">Dediziertes Hosting<\/h2>\n\t<span class=\"price\"><span class=\"woocommerce-Price-amount amount\"><bdi><span class=\"woocommerce-Price-currencySymbol\">&#36;<\/span>5,000<\/bdi><\/span><\/span>\n<\/a><a href=\"\/de\/wp-json\/wp\/v2\/pages\/4986?add-to-cart=29889\" aria-describedby=\"woocommerce_loop_add_to_cart_link_describedby_29889\" data-quantity=\"1\" class=\"button product_type_simple add_to_cart_button ajax_add_to_cart\" data-product_id=\"29889\" data-product_sku=\"dedicated\" aria-label=\"Zum Warenkorb hinzuf\u00fcgen: \u201eDedicated Hosting\u201c\" rel=\"nofollow\" data-success_message=\"\u201eDedicated Hosting\u201c wurde Ihrem Warenkorb hinzugef\u00fcgt\" role=\"button\" data-no-translation=\"\" data-trp-gettext=\"\" data-no-translation-aria-label=\"\" data-no-translation-data-success_message=\"\">In den Warenkorb<\/a>\t<span id=\"woocommerce_loop_add_to_cart_link_describedby_29889\" class=\"screen-reader-text\">\n\t\t\t<\/span>\n<\/li>\n<li class=\"product type-product post-37012 status-publish instock product_cat-hosting has-post-thumbnail virtual sold-individually taxable purchasable product-type-simple\">\n\t<a href=\"https:\/\/seojokers.com\/de\/produkt\/mini-vps\/\" class=\"woocommerce-LoopProduct-link woocommerce-loop-product__link\"><img loading=\"lazy\" decoding=\"async\" width=\"600\" height=\"600\" src=\"https:\/\/seojokers.com\/wp-content\/uploads\/2023\/09\/corner-logo-600x600.png\" class=\"attachment-woocommerce_thumbnail size-woocommerce_thumbnail\" alt=\"Mini VPS\" srcset=\"https:\/\/seojokers.com\/wp-content\/uploads\/2023\/09\/corner-logo-600x600.png 600w, https:\/\/seojokers.com\/wp-content\/uploads\/2023\/09\/corner-logo-100x100.png 100w, https:\/\/seojokers.com\/wp-content\/uploads\/2023\/09\/corner-logo-150x150.png 150w\" sizes=\"(max-width: 600px) 100vw, 600px\" \/><h2 class=\"woocommerce-loop-product__title\">Mini-VPS<\/h2>\n\t<span class=\"price\"><span class=\"woocommerce-Price-amount amount\"><bdi><span class=\"woocommerce-Price-currencySymbol\">&#36;<\/span>200<\/bdi><\/span><\/span>\n<\/a><a href=\"\/de\/wp-json\/wp\/v2\/pages\/4986?add-to-cart=37012\" aria-describedby=\"woocommerce_loop_add_to_cart_link_describedby_37012\" data-quantity=\"1\" class=\"button product_type_simple add_to_cart_button ajax_add_to_cart\" data-product_id=\"37012\" data-product_sku=\"mini-vps\" aria-label=\"Zum Warenkorb hinzuf\u00fcgen: \u201eMini VPS\u201c\" rel=\"nofollow\" data-success_message=\"\u201eMini VPS\u201c wurde Ihrem Warenkorb hinzugef\u00fcgt\" role=\"button\" data-no-translation=\"\" data-trp-gettext=\"\" data-no-translation-aria-label=\"\" data-no-translation-data-success_message=\"\">In den Warenkorb<\/a>\t<span id=\"woocommerce_loop_add_to_cart_link_describedby_37012\" class=\"screen-reader-text\">\n\t\t\t<\/span>\n<\/li>\n<\/ul>\n<\/div>\t\t\t\t<\/div>\n\t\t\t\t<\/div>\n\t\t\t\t\t<\/div>\n\t\t<\/div>\n\t\t\t\t\t<\/div>\n\t\t<\/section>\n\t\t\t\t<\/div>","protected":false},"excerpt":{"rendered":"<p>We\u00a0provide 24\/7\/365 live tech support via phone, live chat, WhatsApp, and email. We will host you on a powerful search engine-friendly server with top-notch cyber-security against spammers. This will attract search bots and will help you rank online! All of our web hosting plans are managed servers and customized for your needs to ensure top-notch [&hellip;]<\/p>\n","protected":false},"author":1,"featured_media":0,"parent":4988,"menu_order":0,"comment_status":"closed","ping_status":"closed","template":"elementor_header_footer","meta":{"footnotes":""},"class_list":["post-4986","page","type-page","status-publish","hentry"],"_links":{"self":[{"href":"https:\/\/seojokers.com\/de\/wp-json\/wp\/v2\/pages\/4986","targetHints":{"allow":["GET"]}}],"collection":[{"href":"https:\/\/seojokers.com\/de\/wp-json\/wp\/v2\/pages"}],"about":[{"href":"https:\/\/seojokers.com\/de\/wp-json\/wp\/v2\/types\/page"}],"author":[{"embeddable":true,"href":"https:\/\/seojokers.com\/de\/wp-json\/wp\/v2\/users\/1"}],"replies":[{"embeddable":true,"href":"https:\/\/seojokers.com\/de\/wp-json\/wp\/v2\/comments?post=4986"}],"version-history":[{"count":1507,"href":"https:\/\/seojokers.com\/de\/wp-json\/wp\/v2\/pages\/4986\/revisions"}],"predecessor-version":[{"id":46118,"href":"https:\/\/seojokers.com\/de\/wp-json\/wp\/v2\/pages\/4986\/revisions\/46118"}],"up":[{"embeddable":true,"href":"https:\/\/seojokers.com\/de\/wp-json\/wp\/v2\/pages\/4988"}],"wp:attachment":[{"href":"https:\/\/seojokers.com\/de\/wp-json\/wp\/v2\/media?parent=4986"}],"curies":[{"name":"wp","href":"https:\/\/api.w.org\/{rel}","templated":true}]}}