{"id":4277,"date":"2022-01-06T18:44:04","date_gmt":"2022-01-06T18:44:04","guid":{"rendered":"https:\/\/seojokers.com\/?page_id=4277"},"modified":"2025-09-13T06:34:36","modified_gmt":"2025-09-13T06:34:36","slug":"staff","status":"publish","type":"page","link":"https:\/\/seojokers.com\/de\/staff\/","title":{"rendered":"Team"},"content":{"rendered":"<div data-elementor-type=\"wp-page\" data-elementor-id=\"4277\" class=\"elementor elementor-4277\" data-elementor-post-type=\"page\">\n\t\t\t\t\t\t<section class=\"elementor-section elementor-top-section elementor-element elementor-element-094c09d elementor-section-boxed elementor-section-height-default elementor-section-height-default\" data-id=\"094c09d\" data-element_type=\"section\" data-e-type=\"section\">\n\t\t\t\t\t\t<div class=\"elementor-container elementor-column-gap-default\">\n\t\t\t\t\t<div class=\"elementor-column elementor-col-100 elementor-top-column elementor-element elementor-element-9c100f6\" data-id=\"9c100f6\" data-element_type=\"column\" data-e-type=\"column\">\n\t\t\t<div class=\"elementor-widget-wrap elementor-element-populated\">\n\t\t\t\t\t\t<div class=\"elementor-element elementor-element-ee747f2 elementor-widget elementor-widget-text-editor\" data-id=\"ee747f2\" data-element_type=\"widget\" data-e-type=\"widget\" data-widget_type=\"text-editor.default\">\n\t\t\t\t<div class=\"elementor-widget-container\">\n\t\t\t\t\t\t\t\t\t<p>Lernen Sie die Menschen kennen, die hinter der Magie von SEO Jokers stehen, die erfolgreich am Aufbau und Wachstum von Marken arbeitet. Unser Team besteht aus einer \u00e4u\u00dferst vielf\u00e4ltigen Gruppe \u00e4u\u00dferst kreativer Personen, die daran arbeiten, Ihre Tr\u00e4ume wahr werden zu lassen und Ihre Ideen in die Realit\u00e4t umzusetzen.<\/p>\t\t\t\t\t\t\t\t<\/div>\n\t\t\t\t<\/div>\n\t\t\t\t\t<\/div>\n\t\t<\/div>\n\t\t\t\t\t<\/div>\n\t\t<\/section>\n\t\t\t\t<section class=\"elementor-section elementor-top-section elementor-element elementor-element-0e5ab95 elementor-section-boxed elementor-section-height-default elementor-section-height-default\" data-id=\"0e5ab95\" data-element_type=\"section\" data-e-type=\"section\">\n\t\t\t\t\t\t<div class=\"elementor-container elementor-column-gap-default\">\n\t\t\t\t\t<div class=\"elementor-column elementor-col-100 elementor-top-column elementor-element elementor-element-40ddabf\" data-id=\"40ddabf\" data-element_type=\"column\" data-e-type=\"column\">\n\t\t\t<div class=\"elementor-widget-wrap elementor-element-populated\">\n\t\t\t\t\t\t<div class=\"elementor-element elementor-element-d61e12d elementor-author-box--layout-image-above elementor-author-box--align-left elementor-widget elementor-widget-author-box\" data-id=\"d61e12d\" data-element_type=\"widget\" data-e-type=\"widget\" data-widget_type=\"author-box.default\">\n\t\t\t\t<div class=\"elementor-widget-container\">\n\t\t\t\t\t\t\t<div class=\"elementor-author-box\">\n\t\t\t\t\t\t\t<div  class=\"elementor-author-box__avatar\">\n\t\t\t\t\t<img decoding=\"async\" src=\"https:\/\/seojokers.com\/wp-content\/uploads\/2023\/05\/IMG_1608-225x300.jpg\" alt=\"Picture of Irina Ivkina, VP\" loading=\"lazy\">\n\t\t\t\t<\/div>\n\t\t\t\n\t\t\t<div class=\"elementor-author-box__text\">\n\t\t\t\t\t\t\t\t\t<div >\n\t\t\t\t\t\t<div class=\"elementor-author-box__name\">\n\t\t\t\t\t\t\tIrina Ivkina, Vizepr\u00e4sidentin\t\t\t\t\t\t<\/div>\n\t\t\t\t\t<\/div>\n\t\t\t\t\n\t\t\t\t\t\t\t\t\t<div class=\"elementor-author-box__bio\">\n\t\t\t\t\t\t<p>Wenn Sie im medizinischen Bereich t\u00e4tig sind, w\u00fcrden Sie h\u00f6chstwahrscheinlich direkt mit mir zusammenarbeiten. Ich leite unser Content-Marketing f\u00fcr unsere verschiedenen Kunden in der Pharmaindustrie, Forschungslabors, Krankenh\u00e4usern, Universit\u00e4ten und \u00c4rzten.<\/p>\n<p>Eine Laborratte, die ihre Freizeit damit verbringt, Bakterien durch ein Mikroskop zu betrachten.<\/p>\n<p>BA Psychologie und Sprachpathologie<br \/>\nB.Sc. Multidisziplin\u00e4re und Ern\u00e4hrungswissenschaft<br \/>\nM.Sc. Ern\u00e4hrungswissenschaft<br \/>\nDoktorand in Nutrigenomik und Nutrigenetik<br \/>\nGewerbeimmobilienmakler<br \/>\nNotendurchschnitt 4.0<\/p>\n\t\t\t\t\t<\/div>\n\t\t\t\t\n\t\t\t\t\t\t\t<\/div>\n\t\t<\/div>\n\t\t\t\t\t\t<\/div>\n\t\t\t\t<\/div>\n\t\t\t\t\t<\/div>\n\t\t<\/div>\n\t\t\t\t\t<\/div>\n\t\t<\/section>\n\t\t\t\t<section class=\"elementor-section elementor-top-section elementor-element elementor-element-a78395e elementor-section-boxed elementor-section-height-default elementor-section-height-default\" data-id=\"a78395e\" data-element_type=\"section\" data-e-type=\"section\">\n\t\t\t\t\t\t<div class=\"elementor-container elementor-column-gap-default\">\n\t\t\t\t\t<div class=\"elementor-column elementor-col-100 elementor-top-column elementor-element elementor-element-88d1df8\" data-id=\"88d1df8\" data-element_type=\"column\" data-e-type=\"column\">\n\t\t\t<div class=\"elementor-widget-wrap elementor-element-populated\">\n\t\t\t\t\t\t<div class=\"elementor-element elementor-element-abc9b8d elementor-author-box--layout-image-above elementor-author-box--align-left elementor-widget elementor-widget-author-box\" data-id=\"abc9b8d\" data-element_type=\"widget\" data-e-type=\"widget\" data-widget_type=\"author-box.default\">\n\t\t\t\t<div class=\"elementor-widget-container\">\n\t\t\t\t\t\t\t<div class=\"elementor-author-box\">\n\t\t\t\t\t\t\t<a href=\"https:\/\/seojokers.com\/de\/joker\/\" class=\"elementor-author-box__avatar\">\n\t\t\t\t\t<img decoding=\"async\" src=\"https:\/\/seojokers.com\/wp-content\/uploads\/2025\/09\/Original-edited-214x300.png\" alt=\"Picture of Nathan Gaidai, Cybersecurity Director\" loading=\"lazy\">\n\t\t\t\t<\/a>\n\t\t\t\n\t\t\t<div class=\"elementor-author-box__text\">\n\t\t\t\t\t\t\t\t\t<a href=\"https:\/\/seojokers.com\/de\/joker\/\">\n\t\t\t\t\t\t<div class=\"elementor-author-box__name\">\n\t\t\t\t\t\t\tNathan Gaidai, Direktor f\u00fcr Cybersicherheit\t\t\t\t\t\t<\/div>\n\t\t\t\t\t<\/a>\n\t\t\t\t\n\t\t\t\t\t\t\t\t\t<div class=\"elementor-author-box__bio\">\n\t\t\t\t\t\t<p>Zu meinen Hauptaufgaben geh\u00f6ren der Aufbau und die Wartung einer sicheren digitalen Infrastruktur f\u00fcr Kunden, die Implementierung strenger Cybersicherheitsma\u00dfnahmen, die Abwehr hinterh\u00e4ltiger Phishing-Betr\u00fcgereien und die Bew\u00e4ltigung der Folgen von Vorf\u00e4llen wie E-Commerce-Betrug, Website-Hijacking und Ransomware-Angriffen.<\/p>\n<p>Ich nutze meinen umfassenden Hintergrund, um herausragende SEO-Ergebnisse zu erzielen. Mit ethischen \u201eWhite Hat\u201c-SEO-Strategien stelle ich sicher, dass meine Kunden Rankings richtig aufbauen (\u201ebei den guten Dingen bleiben\u201c). Ich bin versiert in der L\u00f6sung komplexer technischer SEO-Herausforderungen, von Google Search Console-Strafen und Crawling-\/Indexierungsproblemen bis hin zu Website-Migrationen und der Optimierung von Plattformen wie WordPress und Google My Business.<\/p>\n<p>Au\u00dferhalb der digitalen Arbeit bin ich Gymnastik- und Kampfsporttrainerin, besitze eine Zertifizierung als Personal Trainerin und bin Israels ehemalige Kickbox-Meisterin. <\/p>\n\t\t\t\t\t<\/div>\n\t\t\t\t\n\t\t\t\t\t\t\t<\/div>\n\t\t<\/div>\n\t\t\t\t\t\t<\/div>\n\t\t\t\t<\/div>\n\t\t\t\t\t<\/div>\n\t\t<\/div>\n\t\t\t\t\t<\/div>\n\t\t<\/section>\n\t\t\t\t<section class=\"elementor-section elementor-top-section elementor-element elementor-element-5251f38 elementor-section-height-min-height elementor-hidden-tablet elementor-hidden-mobile elementor-section-boxed elementor-section-height-default elementor-section-items-middle\" data-id=\"5251f38\" data-element_type=\"section\" data-e-type=\"section\" data-settings=\"{&quot;background_background&quot;:&quot;classic&quot;}\">\n\t\t\t\t\t\t\t<div class=\"elementor-background-overlay\"><\/div>\n\t\t\t\t\t\t\t<div class=\"elementor-container elementor-column-gap-default\">\n\t\t\t\t\t<div class=\"elementor-column elementor-col-50 elementor-top-column elementor-element elementor-element-407ab39\" data-id=\"407ab39\" data-element_type=\"column\" data-e-type=\"column\">\n\t\t\t<div class=\"elementor-widget-wrap\">\n\t\t\t\t\t\t\t<\/div>\n\t\t<\/div>\n\t\t\t\t<div class=\"elementor-column elementor-col-50 elementor-top-column elementor-element elementor-element-dd5b9af\" data-id=\"dd5b9af\" data-element_type=\"column\" data-e-type=\"column\">\n\t\t\t<div class=\"elementor-widget-wrap elementor-element-populated\">\n\t\t\t\t\t\t<div class=\"elementor-element elementor-element-efcc92c elementor-widget elementor-widget-heading\" data-id=\"efcc92c\" data-element_type=\"widget\" data-e-type=\"widget\" data-settings=\"{&quot;_animation&quot;:&quot;none&quot;,&quot;_animation_mobile&quot;:&quot;none&quot;}\" data-widget_type=\"heading.default\">\n\t\t\t\t<div class=\"elementor-widget-container\">\n\t\t\t\t\t<h3 class=\"elementor-heading-title elementor-size-default\">Unsere Mission ist die Reha<br>Ihre Werbesucht!<\/h3>\t\t\t\t<\/div>\n\t\t\t\t<\/div>\n\t\t\t\t<div class=\"elementor-element elementor-element-622942a elementor-align-justify elementor-widget elementor-widget-button\" data-id=\"622942a\" data-element_type=\"widget\" data-e-type=\"widget\" data-widget_type=\"button.default\">\n\t\t\t\t<div class=\"elementor-widget-container\">\n\t\t\t\t\t\t\t\t\t<div class=\"elementor-button-wrapper\">\n\t\t\t\t\t<a class=\"elementor-button elementor-button-link elementor-size-lg\" href=\"https:\/\/seojokers.com\/de\/cannibalization\/\">\n\t\t\t\t\t\t<span class=\"elementor-button-content-wrapper\">\n\t\t\t\t\t\t\t\t\t<span class=\"elementor-button-text\">HaHaHaHa!<\/span>\n\t\t\t\t\t<\/span>\n\t\t\t\t\t<\/a>\n\t\t\t\t<\/div>\n\t\t\t\t\t\t\t\t<\/div>\n\t\t\t\t<\/div>\n\t\t\t\t\t<\/div>\n\t\t<\/div>\n\t\t\t\t\t<\/div>\n\t\t<\/section>\n\t\t\t\t<section class=\"elementor-section elementor-top-section elementor-element elementor-element-7089f29 elementor-section-boxed elementor-section-height-default elementor-section-height-default\" data-id=\"7089f29\" data-element_type=\"section\" data-e-type=\"section\">\n\t\t\t\t\t\t<div class=\"elementor-container elementor-column-gap-default\">\n\t\t\t\t\t<div class=\"elementor-column elementor-col-50 elementor-top-column elementor-element elementor-element-d2fba09\" data-id=\"d2fba09\" data-element_type=\"column\" data-e-type=\"column\">\n\t\t\t<div class=\"elementor-widget-wrap elementor-element-populated\">\n\t\t\t\t\t\t<div class=\"elementor-element elementor-element-ab4c040 elementor-author-box--layout-image-above elementor-author-box--align-left elementor-widget elementor-widget-author-box\" data-id=\"ab4c040\" data-element_type=\"widget\" data-e-type=\"widget\" data-widget_type=\"author-box.default\">\n\t\t\t\t<div class=\"elementor-widget-container\">\n\t\t\t\t\t\t\t<div class=\"elementor-author-box\">\n\t\t\t\t\t\t\t<div  class=\"elementor-author-box__avatar\">\n\t\t\t\t\t<img decoding=\"async\" src=\"https:\/\/seojokers.com\/wp-content\/uploads\/2022\/01\/img_20211231_094858-261x300.jpg\" alt=\"Picture of Marina, Content Creator\" loading=\"lazy\">\n\t\t\t\t<\/div>\n\t\t\t\n\t\t\t<div class=\"elementor-author-box__text\">\n\t\t\t\t\t\t\t\t\t<div >\n\t\t\t\t\t\t<div class=\"elementor-author-box__name\">\n\t\t\t\t\t\t\tMarina, Inhaltserstellerin\t\t\t\t\t\t<\/div>\n\t\t\t\t\t<\/div>\n\t\t\t\t\n\t\t\t\t\t\t\t\t\t<div class=\"elementor-author-box__bio\">\n\t\t\t\t\t\t<p>Eine neue Idee ist nie eine schlechte Sache! Daher besteht meine Aufgabe bei den SEO Jokers darin, die Inhalte unserer Kunden-Websites durch st\u00e4ndige Pr\u00fcfungen und Aktualisierungen vorhandener und kommender Inhalte auf dem neuesten Stand zu halten.<\/p>\n<p>Dar\u00fcber hinaus bin ich eine Wunderfrau, wenn es darum geht, neue Trends wahrzunehmen und zu versuchen, diese bei der Erstellung von Inhalten f\u00fcr unsere Kunden umzusetzen.<\/p>\n<p>Als Kind mochte ich Steine und Steine, deshalb habe ich jetzt \u00fcberall einen Haufen Kristalle und andere Steine um mich herum. Au\u00dferdem mag ich lange, langweilige Philosophieb\u00fccher und Wandern, bis mir die F\u00fc\u00dfe abfallen.\u00a0<\/p>\n<p>M.Sc. in Psychologie<br \/>\nKristall-Enthusiast<br \/>\nPianist<\/p>\n\t\t\t\t\t<\/div>\n\t\t\t\t\n\t\t\t\t\t\t\t<\/div>\n\t\t<\/div>\n\t\t\t\t\t\t<\/div>\n\t\t\t\t<\/div>\n\t\t\t\t\t<\/div>\n\t\t<\/div>\n\t\t\t\t<div class=\"elementor-column elementor-col-50 elementor-top-column elementor-element elementor-element-ac05b6f\" data-id=\"ac05b6f\" data-element_type=\"column\" data-e-type=\"column\">\n\t\t\t<div class=\"elementor-widget-wrap\">\n\t\t\t\t\t\t\t<\/div>\n\t\t<\/div>\n\t\t\t\t\t<\/div>\n\t\t<\/section>\n\t\t\t\t<section class=\"elementor-section elementor-top-section elementor-element elementor-element-94341a9 elementor-section-boxed elementor-section-height-default elementor-section-height-default\" data-id=\"94341a9\" data-element_type=\"section\" data-e-type=\"section\">\n\t\t\t\t\t\t<div class=\"elementor-container elementor-column-gap-default\">\n\t\t\t\t\t<div class=\"elementor-column elementor-col-50 elementor-top-column elementor-element elementor-element-88f57c9\" data-id=\"88f57c9\" data-element_type=\"column\" data-e-type=\"column\">\n\t\t\t<div class=\"elementor-widget-wrap elementor-element-populated\">\n\t\t\t\t\t\t<div class=\"elementor-element elementor-element-9783244 elementor-author-box--layout-image-above elementor-author-box--align-left elementor-widget elementor-widget-author-box\" data-id=\"9783244\" data-element_type=\"widget\" data-e-type=\"widget\" data-widget_type=\"author-box.default\">\n\t\t\t\t<div class=\"elementor-widget-container\">\n\t\t\t\t\t\t\t<div class=\"elementor-author-box\">\n\t\t\t\t\t\t\t<div  class=\"elementor-author-box__avatar\">\n\t\t\t\t\t<img decoding=\"async\" src=\"https:\/\/seojokers.com\/wp-content\/uploads\/2021\/12\/T01SU77NXQR-U021J5LV9S5-8141fa7ce1d7-512-300x287.png\" alt=\"Picture of Henry, Illustrator \/ Designer\" loading=\"lazy\">\n\t\t\t\t<\/div>\n\t\t\t\n\t\t\t<div class=\"elementor-author-box__text\">\n\t\t\t\t\t\t\t\t\t<div >\n\t\t\t\t\t\t<div class=\"elementor-author-box__name\">\n\t\t\t\t\t\t\tHenry, Illustrator \/ Designer\t\t\t\t\t\t<\/div>\n\t\t\t\t\t<\/div>\n\t\t\t\t\n\t\t\t\t\t\t\t\t\t<div class=\"elementor-author-box__bio\">\n\t\t\t\t\t\t<p>Meine Hauptaufgabe besteht darin, die visuelle Identit\u00e4t eines Kunden sichtbar zu machen.<\/p>\n<p>Zu meinen Talenten geh\u00f6ren Illustrationen, Grafikdesign, Webdesign und Wireframes. Nachts werde ich zum Zauberer f\u00fcr Social Media und Videobearbeitung!<\/p>\n<p>Vater von 2<br \/>\nFrustrierter Fu\u00dfballspieler<\/p>\n\t\t\t\t\t<\/div>\n\t\t\t\t\n\t\t\t\t\t\t\t<\/div>\n\t\t<\/div>\n\t\t\t\t\t\t<\/div>\n\t\t\t\t<\/div>\n\t\t\t\t\t<\/div>\n\t\t<\/div>\n\t\t\t\t<div class=\"elementor-column elementor-col-50 elementor-top-column elementor-element elementor-element-092fa97\" data-id=\"092fa97\" data-element_type=\"column\" data-e-type=\"column\">\n\t\t\t<div class=\"elementor-widget-wrap elementor-element-populated\">\n\t\t\t\t\t\t<div class=\"elementor-element elementor-element-283bd23 elementor-author-box--layout-image-above elementor-author-box--align-left elementor-widget elementor-widget-author-box\" data-id=\"283bd23\" data-element_type=\"widget\" data-e-type=\"widget\" data-widget_type=\"author-box.default\">\n\t\t\t\t<div class=\"elementor-widget-container\">\n\t\t\t\t\t\t\t<div class=\"elementor-author-box\">\n\t\t\t\t\t\t\t<div  class=\"elementor-author-box__avatar\">\n\t\t\t\t\t<img decoding=\"async\" src=\"https:\/\/seojokers.com\/wp-content\/uploads\/2021\/12\/Sergey-276x300.png\" alt=\"Picture of Sergey, IT Administrator\" loading=\"lazy\">\n\t\t\t\t<\/div>\n\t\t\t\n\t\t\t<div class=\"elementor-author-box__text\">\n\t\t\t\t\t\t\t\t\t<div >\n\t\t\t\t\t\t<div class=\"elementor-author-box__name\">\n\t\t\t\t\t\t\tSergey, IT-Administrator\t\t\t\t\t\t<\/div>\n\t\t\t\t\t<\/div>\n\t\t\t\t\n\t\t\t\t\t\t\t\t\t<div class=\"elementor-author-box__bio\">\n\t\t\t\t\t\t<p>Ich bin hinter den Kulissen und halte unsere Cloud-Dienste, unser Webhosting und unsere Datenserver auf dem neuesten Stand und sichere sie. und vor Gef\u00e4hrdung gesch\u00fctzt sind.\u00a0<\/p>\n<p>Ich genie\u00dfe es, im eiskalten Wasser zu schwimmen... in Sibirien!<\/p>\n<p>\u00dcber 30 Jahre Erfahrung<br \/>\nDiente in der Roten Armee als Kommunikationstechniker<br \/>\nKein Commie!<\/p>\n\t\t\t\t\t<\/div>\n\t\t\t\t\n\t\t\t\t\t\t\t<\/div>\n\t\t<\/div>\n\t\t\t\t\t\t<\/div>\n\t\t\t\t<\/div>\n\t\t\t\t\t<\/div>\n\t\t<\/div>\n\t\t\t\t\t<\/div>\n\t\t<\/section>\n\t\t\t\t<section class=\"elementor-section elementor-top-section elementor-element elementor-element-fe2369b elementor-section-boxed elementor-section-height-default elementor-section-height-default\" data-id=\"fe2369b\" data-element_type=\"section\" data-e-type=\"section\">\n\t\t\t\t\t\t<div class=\"elementor-container elementor-column-gap-default\">\n\t\t\t\t\t<div class=\"elementor-column elementor-col-50 elementor-top-column elementor-element elementor-element-6628d0d\" data-id=\"6628d0d\" data-element_type=\"column\" data-e-type=\"column\">\n\t\t\t<div class=\"elementor-widget-wrap elementor-element-populated\">\n\t\t\t\t\t\t<div class=\"elementor-element elementor-element-29a4376 elementor-author-box--layout-image-above elementor-author-box--align-left elementor-widget elementor-widget-author-box\" data-id=\"29a4376\" data-element_type=\"widget\" data-e-type=\"widget\" data-widget_type=\"author-box.default\">\n\t\t\t\t<div class=\"elementor-widget-container\">\n\t\t\t\t\t\t\t<div class=\"elementor-author-box\">\n\t\t\t\t\t\t\t<div  class=\"elementor-author-box__avatar\">\n\t\t\t\t\t<img decoding=\"async\" src=\"https:\/\/seojokers.com\/wp-content\/uploads\/2022\/04\/Seo-jokers-300x262.png\" alt=\"Picture of Sofia, Social Media Manager\" loading=\"lazy\">\n\t\t\t\t<\/div>\n\t\t\t\n\t\t\t<div class=\"elementor-author-box__text\">\n\t\t\t\t\t\t\t\t\t<div >\n\t\t\t\t\t\t<div class=\"elementor-author-box__name\">\n\t\t\t\t\t\t\tSofia, Social Media Manager\t\t\t\t\t\t<\/div>\n\t\t\t\t\t<\/div>\n\t\t\t\t\n\t\t\t\t\t\t\t\t\t<div class=\"elementor-author-box__bio\">\n\t\t\t\t\t\t<p>Demn\u00e4chst<\/p>\n\t\t\t\t\t<\/div>\n\t\t\t\t\n\t\t\t\t\t\t\t<\/div>\n\t\t<\/div>\n\t\t\t\t\t\t<\/div>\n\t\t\t\t<\/div>\n\t\t\t\t\t<\/div>\n\t\t<\/div>\n\t\t\t\t<div class=\"elementor-column elementor-col-50 elementor-top-column elementor-element elementor-element-2df63ec\" data-id=\"2df63ec\" data-element_type=\"column\" data-e-type=\"column\">\n\t\t\t<div class=\"elementor-widget-wrap elementor-element-populated\">\n\t\t\t\t\t\t<div class=\"elementor-element elementor-element-c587918 elementor-author-box--layout-image-above elementor-author-box--align-left elementor-widget elementor-widget-author-box\" data-id=\"c587918\" data-element_type=\"widget\" data-e-type=\"widget\" data-widget_type=\"author-box.default\">\n\t\t\t\t<div class=\"elementor-widget-container\">\n\t\t\t\t\t\t\t<div class=\"elementor-author-box\">\n\t\t\t\t\t\t\t<div  class=\"elementor-author-box__avatar\">\n\t\t\t\t\t<img decoding=\"async\" src=\"https:\/\/seojokers.com\/wp-content\/uploads\/2022\/04\/Seo-jokers-300x262.png\" alt=\"Picture of Oleg, Graphic Designer\" loading=\"lazy\">\n\t\t\t\t<\/div>\n\t\t\t\n\t\t\t<div class=\"elementor-author-box__text\">\n\t\t\t\t\t\t\t\t\t<div >\n\t\t\t\t\t\t<div class=\"elementor-author-box__name\">\n\t\t\t\t\t\t\tOleg, Grafikdesigner\t\t\t\t\t\t<\/div>\n\t\t\t\t\t<\/div>\n\t\t\t\t\n\t\t\t\t\t\t\t\t\t<div class=\"elementor-author-box__bio\">\n\t\t\t\t\t\t<p>Demn\u00e4chst<\/p>\n\t\t\t\t\t<\/div>\n\t\t\t\t\n\t\t\t\t\t\t\t<\/div>\n\t\t<\/div>\n\t\t\t\t\t\t<\/div>\n\t\t\t\t<\/div>\n\t\t\t\t\t<\/div>\n\t\t<\/div>\n\t\t\t\t\t<\/div>\n\t\t<\/section>\n\t\t\t\t<section class=\"elementor-section elementor-top-section elementor-element elementor-element-95e1d44 elementor-section-boxed elementor-section-height-default elementor-section-height-default\" data-id=\"95e1d44\" data-element_type=\"section\" data-e-type=\"section\">\n\t\t\t\t\t\t<div class=\"elementor-container elementor-column-gap-default\">\n\t\t\t\t\t<div class=\"elementor-column elementor-col-50 elementor-top-column elementor-element elementor-element-10339e5\" data-id=\"10339e5\" data-element_type=\"column\" data-e-type=\"column\">\n\t\t\t<div class=\"elementor-widget-wrap elementor-element-populated\">\n\t\t\t\t\t\t<div class=\"elementor-element elementor-element-386a017 elementor-author-box--layout-image-above elementor-author-box--align-left elementor-widget elementor-widget-author-box\" data-id=\"386a017\" data-element_type=\"widget\" data-e-type=\"widget\" data-widget_type=\"author-box.default\">\n\t\t\t\t<div class=\"elementor-widget-container\">\n\t\t\t\t\t\t\t<div class=\"elementor-author-box\">\n\t\t\t\t\t\t\t<div  class=\"elementor-author-box__avatar\">\n\t\t\t\t\t<img decoding=\"async\" src=\"https:\/\/seojokers.com\/wp-content\/uploads\/2022\/04\/Seo-jokers-300x262.png\" alt=\"Picture of Insovia, Illustratur\" loading=\"lazy\">\n\t\t\t\t<\/div>\n\t\t\t\n\t\t\t<div class=\"elementor-author-box__text\">\n\t\t\t\t\t\t\t\t\t<div >\n\t\t\t\t\t\t<div class=\"elementor-author-box__name\">\n\t\t\t\t\t\t\tInsovia, Illustratur\t\t\t\t\t\t<\/div>\n\t\t\t\t\t<\/div>\n\t\t\t\t\n\t\t\t\t\t\t\t\t\t<div class=\"elementor-author-box__bio\">\n\t\t\t\t\t\t<p>Demn\u00e4chst<\/p>\n\t\t\t\t\t<\/div>\n\t\t\t\t\n\t\t\t\t\t\t\t<\/div>\n\t\t<\/div>\n\t\t\t\t\t\t<\/div>\n\t\t\t\t<\/div>\n\t\t\t\t\t<\/div>\n\t\t<\/div>\n\t\t\t\t<div class=\"elementor-column elementor-col-50 elementor-top-column elementor-element elementor-element-cc6829c\" data-id=\"cc6829c\" data-element_type=\"column\" data-e-type=\"column\">\n\t\t\t<div class=\"elementor-widget-wrap elementor-element-populated\">\n\t\t\t\t\t\t<div class=\"elementor-element elementor-element-481a778 elementor-author-box--layout-image-above elementor-author-box--align-left elementor-widget elementor-widget-author-box\" data-id=\"481a778\" data-element_type=\"widget\" data-e-type=\"widget\" data-widget_type=\"author-box.default\">\n\t\t\t\t<div class=\"elementor-widget-container\">\n\t\t\t\t\t\t\t<div class=\"elementor-author-box\">\n\t\t\t\t\t\t\t<div  class=\"elementor-author-box__avatar\">\n\t\t\t\t\t<img decoding=\"async\" src=\"https:\/\/seojokers.com\/wp-content\/uploads\/2022\/04\/Seo-jokers-300x262.png\" alt=\"Picture of Alberto, Content Writer\" loading=\"lazy\">\n\t\t\t\t<\/div>\n\t\t\t\n\t\t\t<div class=\"elementor-author-box__text\">\n\t\t\t\t\t\t\t\t\t<div >\n\t\t\t\t\t\t<div class=\"elementor-author-box__name\">\n\t\t\t\t\t\t\tAlberto, Inhaltsautor\t\t\t\t\t\t<\/div>\n\t\t\t\t\t<\/div>\n\t\t\t\t\n\t\t\t\t\t\t\t\t\t<div class=\"elementor-author-box__bio\">\n\t\t\t\t\t\t<p>Demn\u00e4chst<\/p>\n\t\t\t\t\t<\/div>\n\t\t\t\t\n\t\t\t\t\t\t\t<\/div>\n\t\t<\/div>\n\t\t\t\t\t\t<\/div>\n\t\t\t\t<\/div>\n\t\t\t\t\t<\/div>\n\t\t<\/div>\n\t\t\t\t\t<\/div>\n\t\t<\/section>\n\t\t\t\t<\/div>","protected":false},"excerpt":{"rendered":"<p>Lernen Sie die Menschen hinter der Magie kennen, die bei SEO Jokers entsteht und erfolgreich am Aufbau und Wachstum von Marken arbeitet. Unser Team ist eine sehr vielf\u00e4ltige Gruppe hochkreativer Menschen, die daran arbeiten, Ihre Tr\u00e4ume wahr werden zu lassen und Ihre Ideen in die Realit\u00e4t umzusetzen. Unsere Mission ist es, Sie von Ihrer Werbesucht zu befreien! HaHaHaHa!<\/p>","protected":false},"author":1,"featured_media":0,"parent":0,"menu_order":0,"comment_status":"closed","ping_status":"closed","template":"elementor_header_footer","meta":{"footnotes":""},"class_list":["post-4277","page","type-page","status-publish","hentry"],"_links":{"self":[{"href":"https:\/\/seojokers.com\/de\/wp-json\/wp\/v2\/pages\/4277","targetHints":{"allow":["GET"]}}],"collection":[{"href":"https:\/\/seojokers.com\/de\/wp-json\/wp\/v2\/pages"}],"about":[{"href":"https:\/\/seojokers.com\/de\/wp-json\/wp\/v2\/types\/page"}],"author":[{"embeddable":true,"href":"https:\/\/seojokers.com\/de\/wp-json\/wp\/v2\/users\/1"}],"replies":[{"embeddable":true,"href":"https:\/\/seojokers.com\/de\/wp-json\/wp\/v2\/comments?post=4277"}],"version-history":[{"count":1263,"href":"https:\/\/seojokers.com\/de\/wp-json\/wp\/v2\/pages\/4277\/revisions"}],"predecessor-version":[{"id":46530,"href":"https:\/\/seojokers.com\/de\/wp-json\/wp\/v2\/pages\/4277\/revisions\/46530"}],"wp:attachment":[{"href":"https:\/\/seojokers.com\/de\/wp-json\/wp\/v2\/media?parent=4277"}],"curies":[{"name":"wp","href":"https:\/\/api.w.org\/{rel}","templated":true}]}}