{"id":35570,"date":"2023-06-14T16:56:23","date_gmt":"2023-06-14T16:56:23","guid":{"rendered":"https:\/\/seojokers.com\/?page_id=35570"},"modified":"2024-07-10T04:24:44","modified_gmt":"2024-07-10T04:24:44","slug":"success-stories","status":"publish","type":"page","link":"https:\/\/seojokers.com\/de\/success-stories\/","title":{"rendered":"Erfolgsgeschichten"},"content":{"rendered":"<div data-elementor-type=\"wp-page\" data-elementor-id=\"35570\" class=\"elementor elementor-35570\" data-elementor-post-type=\"page\">\n\t\t\t\t\t\t<section class=\"elementor-section elementor-top-section elementor-element elementor-element-22c4dd6 elementor-section-boxed elementor-section-height-default elementor-section-height-default\" data-id=\"22c4dd6\" data-element_type=\"section\" data-e-type=\"section\">\n\t\t\t\t\t\t<div class=\"elementor-container elementor-column-gap-default\">\n\t\t\t\t\t<div class=\"elementor-column elementor-col-100 elementor-top-column elementor-element elementor-element-9535137\" data-id=\"9535137\" data-element_type=\"column\" data-e-type=\"column\">\n\t\t\t<div class=\"elementor-widget-wrap elementor-element-populated\">\n\t\t\t\t\t\t<section class=\"elementor-section elementor-inner-section elementor-element elementor-element-1a85ed5 elementor-section-boxed elementor-section-height-default elementor-section-height-default\" data-id=\"1a85ed5\" data-element_type=\"section\" data-e-type=\"section\">\n\t\t\t\t\t\t<div class=\"elementor-container elementor-column-gap-default\">\n\t\t\t\t\t<div class=\"elementor-column elementor-col-50 elementor-inner-column elementor-element elementor-element-b8fc3e6\" data-id=\"b8fc3e6\" data-element_type=\"column\" data-e-type=\"column\">\n\t\t\t<div class=\"elementor-widget-wrap elementor-element-populated\">\n\t\t\t\t\t\t<div class=\"elementor-element elementor-element-bf232a7 elementor-widget elementor-widget-heading\" data-id=\"bf232a7\" data-element_type=\"widget\" data-e-type=\"widget\" data-widget_type=\"heading.default\">\n\t\t\t\t<div class=\"elementor-widget-container\">\n\t\t\t\t\t<h4 class=\"elementor-heading-title elementor-size-default\">Brillanz-Juwelen<\/h4>\t\t\t\t<\/div>\n\t\t\t\t<\/div>\n\t\t\t\t<div class=\"elementor-element elementor-element-013d734 elementor-widget elementor-widget-text-editor\" data-id=\"013d734\" data-element_type=\"widget\" data-e-type=\"widget\" data-widget_type=\"text-editor.default\">\n\t\t\t\t<div class=\"elementor-widget-container\">\n\t\t\t\t\t\t\t\t\t<p>Mehrere Gesch\u00e4fte und Tausende von Produkten zum Kaufen und Verkaufen bedeuten = Komplexit\u00e4t. Schauen Sie sich an, wie wir generiert haben <strong>Hunderttausende organische Klicks, die eine nat\u00fcrliche Reha aus PPC-Kampagnen auf unbestimmte Zeit einleiteten!<\/strong><\/p>\t\t\t\t\t\t\t\t<\/div>\n\t\t\t\t<\/div>\n\t\t\t\t<div class=\"elementor-element elementor-element-c470d1e elementor-align-justify elementor-mobile-align-justify elementor-widget elementor-widget-button\" data-id=\"c470d1e\" data-element_type=\"widget\" data-e-type=\"widget\" data-widget_type=\"button.default\">\n\t\t\t\t<div class=\"elementor-widget-container\">\n\t\t\t\t\t\t\t\t\t<div class=\"elementor-button-wrapper\">\n\t\t\t\t\t<a class=\"elementor-button elementor-button-link elementor-size-md\" href=\"https:\/\/seojokers.com\/de\/google-algorithms-ecommerce\/\">\n\t\t\t\t\t\t<span class=\"elementor-button-content-wrapper\">\n\t\t\t\t\t\t<span class=\"elementor-button-icon\">\n\t\t\t\t<i aria-hidden=\"true\" class=\"fas fa-chart-line\"><\/i>\t\t\t<\/span>\n\t\t\t\t\t\t\t\t\t<span class=\"elementor-button-text\">Vollst\u00e4ndige Fallstudie<\/span>\n\t\t\t\t\t<\/span>\n\t\t\t\t\t<\/a>\n\t\t\t\t<\/div>\n\t\t\t\t\t\t\t\t<\/div>\n\t\t\t\t<\/div>\n\t\t\t\t\t<\/div>\n\t\t<\/div>\n\t\t\t\t<div class=\"elementor-column elementor-col-50 elementor-inner-column elementor-element elementor-element-e40217d\" data-id=\"e40217d\" data-element_type=\"column\" data-e-type=\"column\">\n\t\t\t<div class=\"elementor-widget-wrap elementor-element-populated\">\n\t\t\t\t\t\t<div class=\"elementor-element elementor-element-8ad05ee elementor-widget elementor-widget-video\" data-id=\"8ad05ee\" data-element_type=\"widget\" data-e-type=\"widget\" data-settings=\"{&quot;youtube_url&quot;:&quot;https:\\\/\\\/youtu.be\\\/H85UacAw2hQ&quot;,&quot;video_type&quot;:&quot;youtube&quot;,&quot;controls&quot;:&quot;yes&quot;}\" data-widget_type=\"video.default\">\n\t\t\t\t<div class=\"elementor-widget-container\">\n\t\t\t\t\t\t\t<div class=\"elementor-wrapper elementor-open-inline\">\n\t\t\t<div class=\"elementor-video\"><\/div>\t\t<\/div>\n\t\t\t\t\t\t<\/div>\n\t\t\t\t<\/div>\n\t\t\t\t\t<\/div>\n\t\t<\/div>\n\t\t\t\t\t<\/div>\n\t\t<\/section>\n\t\t\t\t\t<\/div>\n\t\t<\/div>\n\t\t\t\t\t<\/div>\n\t\t<\/section>\n\t\t\t\t<section class=\"elementor-section elementor-top-section elementor-element elementor-element-1979810 elementor-section-boxed elementor-section-height-default elementor-section-height-default\" data-id=\"1979810\" data-element_type=\"section\" data-e-type=\"section\">\n\t\t\t\t\t\t<div class=\"elementor-container elementor-column-gap-default\">\n\t\t\t\t\t<div class=\"elementor-column elementor-col-100 elementor-top-column elementor-element elementor-element-3493c90\" data-id=\"3493c90\" data-element_type=\"column\" data-e-type=\"column\">\n\t\t\t<div class=\"elementor-widget-wrap elementor-element-populated\">\n\t\t\t\t\t\t<div class=\"elementor-element elementor-element-4afdd0c elementor-grid-3 elementor-grid-tablet-2 elementor-grid-mobile-1 elementor-widget elementor-widget-portfolio\" data-id=\"4afdd0c\" data-element_type=\"widget\" data-e-type=\"widget\" data-settings=\"{&quot;masonry&quot;:&quot;yes&quot;,&quot;row_gap&quot;:{&quot;unit&quot;:&quot;px&quot;,&quot;size&quot;:15,&quot;sizes&quot;:[]},&quot;columns&quot;:&quot;3&quot;,&quot;columns_tablet&quot;:&quot;2&quot;,&quot;columns_mobile&quot;:&quot;1&quot;,&quot;item_gap&quot;:{&quot;unit&quot;:&quot;px&quot;,&quot;size&quot;:&quot;&quot;,&quot;sizes&quot;:[]}}\" data-widget_type=\"portfolio.default\">\n\t\t\t\t<div class=\"elementor-widget-container\">\n\t\t\t\t\t\t\t<div class=\"elementor-portfolio elementor-grid elementor-posts-container\" role=\"list\">\n\t\t\t\t<article class=\"elementor-portfolio-item elementor-post elementor-filter-105 elementor-filter-118 post-27056 post type-post status-publish format-standard has-post-thumbnail hentry category-success category-case-studies\" role=\"listitem\">\n\t\t\t<a class=\"elementor-post__thumbnail__link\" href=\"https:\/\/seojokers.com\/de\/the-googles-core-web-vitals-update\/\">\n\t\t\t\t<div class=\"elementor-portfolio-item__img elementor-post__thumbnail\">\n\t\t\t<img fetchpriority=\"high\" decoding=\"async\" width=\"1280\" height=\"720\" src=\"https:\/\/seojokers.com\/wp-content\/uploads\/2022\/11\/The-Social-Expert-1.png\" class=\"attachment-full size-full wp-image-46492\" alt=\"Google&#039;s Core Web Vitals Update Results in 19x Faster Website Performance\" srcset=\"https:\/\/seojokers.com\/wp-content\/uploads\/2022\/11\/The-Social-Expert-1.png 1280w, https:\/\/seojokers.com\/wp-content\/uploads\/2022\/11\/The-Social-Expert-1-300x169.png 300w, https:\/\/seojokers.com\/wp-content\/uploads\/2022\/11\/The-Social-Expert-1-1024x576.png 1024w, https:\/\/seojokers.com\/wp-content\/uploads\/2022\/11\/The-Social-Expert-1-768x432.png 768w, https:\/\/seojokers.com\/wp-content\/uploads\/2022\/11\/The-Social-Expert-1-18x10.png 18w, https:\/\/seojokers.com\/wp-content\/uploads\/2022\/11\/The-Social-Expert-1-1000x563.png 1000w\" sizes=\"(max-width: 1280px) 100vw, 1280px\" \/>\t\t<\/div>\n\t\t\t\t<div class=\"elementor-portfolio-item__overlay\">\n\t\t\t\t<p class=\"elementor-portfolio-item__title\">\n\t\tGoogles Core Web Vitals Update f\u00fchrt zu 19-mal schnellerer Website-Leistung\t\t<\/p>\n\t\t\t\t<\/div>\n\t\t\t\t<\/a>\n\t\t<\/article>\n\t\t\t\t<article class=\"elementor-portfolio-item elementor-post elementor-filter-105 elementor-filter-118 post-25757 post type-post status-publish format-standard has-post-thumbnail hentry category-success category-case-studies\" role=\"listitem\">\n\t\t\t<a class=\"elementor-post__thumbnail__link\" href=\"https:\/\/seojokers.com\/de\/local-seo-restaurant-mobile-optimization\/\">\n\t\t\t\t<div class=\"elementor-portfolio-item__img elementor-post__thumbnail\">\n\t\t\t<img decoding=\"async\" width=\"1280\" height=\"720\" src=\"https:\/\/seojokers.com\/wp-content\/uploads\/2022\/11\/Motek.png\" class=\"attachment-full size-full wp-image-46495\" alt=\"Local SEO &amp; Mobile Optimization for a Restaurant\" srcset=\"https:\/\/seojokers.com\/wp-content\/uploads\/2022\/11\/Motek.png 1280w, https:\/\/seojokers.com\/wp-content\/uploads\/2022\/11\/Motek-300x169.png 300w, https:\/\/seojokers.com\/wp-content\/uploads\/2022\/11\/Motek-1024x576.png 1024w, https:\/\/seojokers.com\/wp-content\/uploads\/2022\/11\/Motek-768x432.png 768w, https:\/\/seojokers.com\/wp-content\/uploads\/2022\/11\/Motek-18x10.png 18w, https:\/\/seojokers.com\/wp-content\/uploads\/2022\/11\/Motek-1000x563.png 1000w\" sizes=\"(max-width: 1280px) 100vw, 1280px\" \/>\t\t<\/div>\n\t\t\t\t<div class=\"elementor-portfolio-item__overlay\">\n\t\t\t\t<p class=\"elementor-portfolio-item__title\">\n\t\tLokale SEO und mobile Optimierung f\u00fcr ein Restaurant\t\t<\/p>\n\t\t\t\t<\/div>\n\t\t\t\t<\/a>\n\t\t<\/article>\n\t\t\t\t<article class=\"elementor-portfolio-item elementor-post elementor-filter-105 elementor-filter-118 post-25753 post type-post status-publish format-standard has-post-thumbnail hentry category-success category-case-studies\" role=\"listitem\">\n\t\t\t<a class=\"elementor-post__thumbnail__link\" href=\"https:\/\/seojokers.com\/de\/google-algorithms-prefer-niche-sites\/\">\n\t\t\t\t<div class=\"elementor-portfolio-item__img elementor-post__thumbnail\">\n\t\t\t<img decoding=\"async\" width=\"1280\" height=\"720\" src=\"https:\/\/seojokers.com\/wp-content\/uploads\/2022\/11\/JDi.png\" class=\"attachment-full size-full wp-image-46496\" alt=\"Do Google Algorithms Prefer Niche Sites?\" srcset=\"https:\/\/seojokers.com\/wp-content\/uploads\/2022\/11\/JDi.png 1280w, https:\/\/seojokers.com\/wp-content\/uploads\/2022\/11\/JDi-300x169.png 300w, https:\/\/seojokers.com\/wp-content\/uploads\/2022\/11\/JDi-1024x576.png 1024w, https:\/\/seojokers.com\/wp-content\/uploads\/2022\/11\/JDi-768x432.png 768w, https:\/\/seojokers.com\/wp-content\/uploads\/2022\/11\/JDi-18x10.png 18w, https:\/\/seojokers.com\/wp-content\/uploads\/2022\/11\/JDi-1000x563.png 1000w\" sizes=\"(max-width: 1280px) 100vw, 1280px\" \/>\t\t<\/div>\n\t\t\t\t<div class=\"elementor-portfolio-item__overlay\">\n\t\t\t\t<p class=\"elementor-portfolio-item__title\">\n\t\tBevorzugen Google-Algorithmen Nischenseiten?\t\t<\/p>\n\t\t\t\t<\/div>\n\t\t\t\t<\/a>\n\t\t<\/article>\n\t\t\t\t<article class=\"elementor-portfolio-item elementor-post elementor-filter-105 elementor-filter-118 post-25766 post type-post status-publish format-standard has-post-thumbnail hentry category-success category-case-studies\" role=\"listitem\">\n\t\t\t<a class=\"elementor-post__thumbnail__link\" href=\"https:\/\/seojokers.com\/de\/small-business-increased-organic-traffic-with-seo\/\">\n\t\t\t\t<div class=\"elementor-portfolio-item__img elementor-post__thumbnail\">\n\t\t\t<img loading=\"lazy\" decoding=\"async\" width=\"1280\" height=\"720\" src=\"https:\/\/seojokers.com\/wp-content\/uploads\/2022\/11\/The-Tree-Dudes.png\" class=\"attachment-full size-full wp-image-46491\" alt=\"A Small Business Increased Organic Traffic by 600% with SEO Marketing\" srcset=\"https:\/\/seojokers.com\/wp-content\/uploads\/2022\/11\/The-Tree-Dudes.png 1280w, https:\/\/seojokers.com\/wp-content\/uploads\/2022\/11\/The-Tree-Dudes-300x169.png 300w, https:\/\/seojokers.com\/wp-content\/uploads\/2022\/11\/The-Tree-Dudes-1024x576.png 1024w, https:\/\/seojokers.com\/wp-content\/uploads\/2022\/11\/The-Tree-Dudes-768x432.png 768w, https:\/\/seojokers.com\/wp-content\/uploads\/2022\/11\/The-Tree-Dudes-18x10.png 18w, https:\/\/seojokers.com\/wp-content\/uploads\/2022\/11\/The-Tree-Dudes-1000x563.png 1000w\" sizes=\"(max-width: 1280px) 100vw, 1280px\" \/>\t\t<\/div>\n\t\t\t\t<div class=\"elementor-portfolio-item__overlay\">\n\t\t\t\t<p class=\"elementor-portfolio-item__title\">\n\t\tEin kleines Unternehmen steigerte seinen organischen Traffic durch SEO-Marketing um 600%\t\t<\/p>\n\t\t\t\t<\/div>\n\t\t\t\t<\/a>\n\t\t<\/article>\n\t\t\t\t<article class=\"elementor-portfolio-item elementor-post elementor-filter-105 elementor-filter-118 post-26485 post type-post status-publish format-standard has-post-thumbnail hentry category-success category-case-studies\" role=\"listitem\">\n\t\t\t<a class=\"elementor-post__thumbnail__link\" href=\"https:\/\/seojokers.com\/de\/made-in-the-usa-classic-marketing-meets-seo\/\">\n\t\t\t\t<div class=\"elementor-portfolio-item__img elementor-post__thumbnail\">\n\t\t\t<img loading=\"lazy\" decoding=\"async\" width=\"1280\" height=\"720\" src=\"https:\/\/seojokers.com\/wp-content\/uploads\/2022\/11\/Shade-Monster.png\" class=\"attachment-full size-full wp-image-46493\" alt=\"Made in the USA: Classic Marketing Meets SEO\" srcset=\"https:\/\/seojokers.com\/wp-content\/uploads\/2022\/11\/Shade-Monster.png 1280w, https:\/\/seojokers.com\/wp-content\/uploads\/2022\/11\/Shade-Monster-300x169.png 300w, https:\/\/seojokers.com\/wp-content\/uploads\/2022\/11\/Shade-Monster-1024x576.png 1024w, https:\/\/seojokers.com\/wp-content\/uploads\/2022\/11\/Shade-Monster-768x432.png 768w, https:\/\/seojokers.com\/wp-content\/uploads\/2022\/11\/Shade-Monster-18x10.png 18w, https:\/\/seojokers.com\/wp-content\/uploads\/2022\/11\/Shade-Monster-1000x563.png 1000w\" sizes=\"(max-width: 1280px) 100vw, 1280px\" \/>\t\t<\/div>\n\t\t\t\t<div class=\"elementor-portfolio-item__overlay\">\n\t\t\t\t<p class=\"elementor-portfolio-item__title\">\n\t\tHergestellt in den USA: Klassisches Marketing trifft auf SEO\t\t<\/p>\n\t\t\t\t<\/div>\n\t\t\t\t<\/a>\n\t\t<\/article>\n\t\t\t\t<article class=\"elementor-portfolio-item elementor-post elementor-filter-105 elementor-filter-118 post-45932 post type-post status-publish format-standard has-post-thumbnail hentry category-success category-case-studies\" role=\"listitem\">\n\t\t\t<a class=\"elementor-post__thumbnail__link\" href=\"https:\/\/seojokers.com\/de\/a-user-friendly-web-design-increased-organic-traffic\/\">\n\t\t\t\t<div class=\"elementor-portfolio-item__img elementor-post__thumbnail\">\n\t\t\t<img loading=\"lazy\" decoding=\"async\" width=\"1280\" height=\"720\" src=\"https:\/\/seojokers.com\/wp-content\/uploads\/2022\/11\/Times-Manager.png\" class=\"attachment-full size-full wp-image-46490\" alt=\"A User-Friendly Web Design Increased Organic Traffic by 3x\" srcset=\"https:\/\/seojokers.com\/wp-content\/uploads\/2022\/11\/Times-Manager.png 1280w, https:\/\/seojokers.com\/wp-content\/uploads\/2022\/11\/Times-Manager-300x169.png 300w, https:\/\/seojokers.com\/wp-content\/uploads\/2022\/11\/Times-Manager-1024x576.png 1024w, https:\/\/seojokers.com\/wp-content\/uploads\/2022\/11\/Times-Manager-768x432.png 768w, https:\/\/seojokers.com\/wp-content\/uploads\/2022\/11\/Times-Manager-18x10.png 18w, https:\/\/seojokers.com\/wp-content\/uploads\/2022\/11\/Times-Manager-1000x563.png 1000w\" sizes=\"(max-width: 1280px) 100vw, 1280px\" \/>\t\t<\/div>\n\t\t\t\t<div class=\"elementor-portfolio-item__overlay\">\n\t\t\t\t<p class=\"elementor-portfolio-item__title\">\n\t\tEin benutzerfreundliches Webdesign steigerte den organischen Verkehr um das Dreifache\t\t<\/p>\n\t\t\t\t<\/div>\n\t\t\t\t<\/a>\n\t\t<\/article>\n\t\t\t\t<article class=\"elementor-portfolio-item elementor-post elementor-filter-105 elementor-filter-118 post-25755 post type-post status-publish format-standard has-post-thumbnail hentry category-success category-case-studies\" role=\"listitem\">\n\t\t\t<a class=\"elementor-post__thumbnail__link\" href=\"https:\/\/seojokers.com\/de\/surgery-center-increased-google-impressions\/\">\n\t\t\t\t<div class=\"elementor-portfolio-item__img elementor-post__thumbnail\">\n\t\t\t<img loading=\"lazy\" decoding=\"async\" width=\"1280\" height=\"720\" src=\"https:\/\/seojokers.com\/wp-content\/uploads\/2022\/11\/Boris-Cosmetic.png\" class=\"attachment-full size-full wp-image-46499\" alt=\"A Cosmetic Surgery Center Increased Google Search Console Impressions by 150%\" srcset=\"https:\/\/seojokers.com\/wp-content\/uploads\/2022\/11\/Boris-Cosmetic.png 1280w, https:\/\/seojokers.com\/wp-content\/uploads\/2022\/11\/Boris-Cosmetic-300x169.png 300w, https:\/\/seojokers.com\/wp-content\/uploads\/2022\/11\/Boris-Cosmetic-1024x576.png 1024w, https:\/\/seojokers.com\/wp-content\/uploads\/2022\/11\/Boris-Cosmetic-768x432.png 768w, https:\/\/seojokers.com\/wp-content\/uploads\/2022\/11\/Boris-Cosmetic-18x10.png 18w, https:\/\/seojokers.com\/wp-content\/uploads\/2022\/11\/Boris-Cosmetic-1000x563.png 1000w\" sizes=\"(max-width: 1280px) 100vw, 1280px\" \/>\t\t<\/div>\n\t\t\t\t<div class=\"elementor-portfolio-item__overlay\">\n\t\t\t\t<p class=\"elementor-portfolio-item__title\">\n\t\tEin Zentrum f\u00fcr kosmetische Chirurgie steigerte die Impressionen in der Google Search Console um 150%\t\t<\/p>\n\t\t\t\t<\/div>\n\t\t\t\t<\/a>\n\t\t<\/article>\n\t\t\t\t<article class=\"elementor-portfolio-item elementor-post elementor-filter-105 elementor-filter-118 post-25762 post type-post status-publish format-standard has-post-thumbnail hentry category-success category-case-studies\" role=\"listitem\">\n\t\t\t<a class=\"elementor-post__thumbnail__link\" href=\"https:\/\/seojokers.com\/de\/search-engines-love-niche-sites\/\">\n\t\t\t\t<div class=\"elementor-portfolio-item__img elementor-post__thumbnail\">\n\t\t\t<img loading=\"lazy\" decoding=\"async\" width=\"1280\" height=\"720\" src=\"https:\/\/seojokers.com\/wp-content\/uploads\/2022\/11\/CTrax.png\" class=\"attachment-full size-full wp-image-46497\" alt=\"Search Engines Love Niche Sites: Organic Traffic Increased by 98%\" srcset=\"https:\/\/seojokers.com\/wp-content\/uploads\/2022\/11\/CTrax.png 1280w, https:\/\/seojokers.com\/wp-content\/uploads\/2022\/11\/CTrax-300x169.png 300w, https:\/\/seojokers.com\/wp-content\/uploads\/2022\/11\/CTrax-1024x576.png 1024w, https:\/\/seojokers.com\/wp-content\/uploads\/2022\/11\/CTrax-768x432.png 768w, https:\/\/seojokers.com\/wp-content\/uploads\/2022\/11\/CTrax-18x10.png 18w, https:\/\/seojokers.com\/wp-content\/uploads\/2022\/11\/CTrax-1000x563.png 1000w\" sizes=\"(max-width: 1280px) 100vw, 1280px\" \/>\t\t<\/div>\n\t\t\t\t<div class=\"elementor-portfolio-item__overlay\">\n\t\t\t\t<p class=\"elementor-portfolio-item__title\">\n\t\tSuchmaschinen lieben Nischenseiten: Der organische Verkehr stieg um 98%\t\t<\/p>\n\t\t\t\t<\/div>\n\t\t\t\t<\/a>\n\t\t<\/article>\n\t\t\t\t<article class=\"elementor-portfolio-item elementor-post elementor-filter-105 elementor-filter-118 post-25764 post type-post status-publish format-standard has-post-thumbnail hentry category-success category-case-studies\" role=\"listitem\">\n\t\t\t<a class=\"elementor-post__thumbnail__link\" href=\"https:\/\/seojokers.com\/de\/small-business-replace-google-ads-with-seo\/\">\n\t\t\t\t<div class=\"elementor-portfolio-item__img elementor-post__thumbnail\">\n\t\t\t<img loading=\"lazy\" decoding=\"async\" width=\"1920\" height=\"1080\" src=\"https:\/\/seojokers.com\/wp-content\/uploads\/2022\/09\/Can-a-Small-Business-Actually-Replace-Google-Ads-With-SEO.png\" class=\"attachment-full size-full wp-image-46402\" alt=\"Can a Small Business Actually Replace Google Ads With SEO\" srcset=\"https:\/\/seojokers.com\/wp-content\/uploads\/2022\/09\/Can-a-Small-Business-Actually-Replace-Google-Ads-With-SEO.png 1920w, https:\/\/seojokers.com\/wp-content\/uploads\/2022\/09\/Can-a-Small-Business-Actually-Replace-Google-Ads-With-SEO-300x169.png 300w, https:\/\/seojokers.com\/wp-content\/uploads\/2022\/09\/Can-a-Small-Business-Actually-Replace-Google-Ads-With-SEO-1024x576.png 1024w, https:\/\/seojokers.com\/wp-content\/uploads\/2022\/09\/Can-a-Small-Business-Actually-Replace-Google-Ads-With-SEO-768x432.png 768w, https:\/\/seojokers.com\/wp-content\/uploads\/2022\/09\/Can-a-Small-Business-Actually-Replace-Google-Ads-With-SEO-1536x864.png 1536w, https:\/\/seojokers.com\/wp-content\/uploads\/2022\/09\/Can-a-Small-Business-Actually-Replace-Google-Ads-With-SEO-18x10.png 18w, https:\/\/seojokers.com\/wp-content\/uploads\/2022\/09\/Can-a-Small-Business-Actually-Replace-Google-Ads-With-SEO-1000x563.png 1000w\" sizes=\"(max-width: 1920px) 100vw, 1920px\" \/>\t\t<\/div>\n\t\t\t\t<div class=\"elementor-portfolio-item__overlay\">\n\t\t\t\t<p class=\"elementor-portfolio-item__title\">\n\t\tKann ein kleines Unternehmen Google Ads tats\u00e4chlich durch SEO ersetzen?\t\t<\/p>\n\t\t\t\t<\/div>\n\t\t\t\t<\/a>\n\t\t<\/article>\n\t\t\t\t<article class=\"elementor-portfolio-item elementor-post elementor-filter-105 elementor-filter-118 post-45958 post type-post status-publish format-standard has-post-thumbnail hentry category-success category-case-studies\" role=\"listitem\">\n\t\t\t<a class=\"elementor-post__thumbnail__link\" href=\"https:\/\/seojokers.com\/de\/starting-from-scratch-for-outdated-websites\/\">\n\t\t\t\t<div class=\"elementor-portfolio-item__img elementor-post__thumbnail\">\n\t\t\t<img loading=\"lazy\" decoding=\"async\" width=\"1280\" height=\"720\" src=\"https:\/\/seojokers.com\/wp-content\/uploads\/2025\/02\/Dr.-Michael-Choi-1.png\" class=\"attachment-full size-full wp-image-46488\" alt=\"Is Starting From Scratch Better for Outdated Websites\" srcset=\"https:\/\/seojokers.com\/wp-content\/uploads\/2025\/02\/Dr.-Michael-Choi-1.png 1280w, https:\/\/seojokers.com\/wp-content\/uploads\/2025\/02\/Dr.-Michael-Choi-1-300x169.png 300w, https:\/\/seojokers.com\/wp-content\/uploads\/2025\/02\/Dr.-Michael-Choi-1-1024x576.png 1024w, https:\/\/seojokers.com\/wp-content\/uploads\/2025\/02\/Dr.-Michael-Choi-1-768x432.png 768w, https:\/\/seojokers.com\/wp-content\/uploads\/2025\/02\/Dr.-Michael-Choi-1-18x10.png 18w, https:\/\/seojokers.com\/wp-content\/uploads\/2025\/02\/Dr.-Michael-Choi-1-1000x563.png 1000w\" sizes=\"(max-width: 1280px) 100vw, 1280px\" \/>\t\t<\/div>\n\t\t\t\t<div class=\"elementor-portfolio-item__overlay\">\n\t\t\t\t<p class=\"elementor-portfolio-item__title\">\n\t\tIst es bei veralteten Websites besser, von vorne anzufangen?\t\t<\/p>\n\t\t\t\t<\/div>\n\t\t\t\t<\/a>\n\t\t<\/article>\n\t\t\t\t<\/div>\n\t\t\t\t\t\t<\/div>\n\t\t\t\t<\/div>\n\t\t\t\t\t<\/div>\n\t\t<\/div>\n\t\t\t\t\t<\/div>\n\t\t<\/section>\n\t\t\t\t<section class=\"elementor-section elementor-top-section elementor-element elementor-element-f374ec2 elementor-section-boxed elementor-section-height-default elementor-section-height-default\" data-id=\"f374ec2\" data-element_type=\"section\" data-e-type=\"section\">\n\t\t\t\t\t\t<div class=\"elementor-container elementor-column-gap-default\">\n\t\t\t\t\t<div class=\"elementor-column elementor-col-100 elementor-top-column elementor-element elementor-element-09279ec\" data-id=\"09279ec\" data-element_type=\"column\" data-e-type=\"column\">\n\t\t\t<div class=\"elementor-widget-wrap elementor-element-populated\">\n\t\t\t\t\t\t<section class=\"elementor-section elementor-inner-section elementor-element elementor-element-8c5a04e elementor-section-boxed elementor-section-height-default elementor-section-height-default\" data-id=\"8c5a04e\" data-element_type=\"section\" data-e-type=\"section\">\n\t\t\t\t\t\t<div class=\"elementor-container elementor-column-gap-default\">\n\t\t\t\t\t<div class=\"elementor-column elementor-col-50 elementor-inner-column elementor-element elementor-element-c9d2c89\" data-id=\"c9d2c89\" data-element_type=\"column\" data-e-type=\"column\">\n\t\t\t<div class=\"elementor-widget-wrap elementor-element-populated\">\n\t\t\t\t\t\t<div class=\"elementor-element elementor-element-61490c4 elementor-widget elementor-widget-heading\" data-id=\"61490c4\" data-element_type=\"widget\" data-e-type=\"widget\" data-widget_type=\"heading.default\">\n\t\t\t\t<div class=\"elementor-widget-container\">\n\t\t\t\t\t<h2 class=\"elementor-heading-title elementor-size-default\">Kostenlose Beratung<\/h2>\t\t\t\t<\/div>\n\t\t\t\t<\/div>\n\t\t\t\t<div class=\"elementor-element elementor-element-f57662b elementor-widget elementor-widget-text-editor\" data-id=\"f57662b\" data-element_type=\"widget\" data-e-type=\"widget\" data-widget_type=\"text-editor.default\">\n\t\t\t\t<div class=\"elementor-widget-container\">\n\t\t\t\t\t\t\t\t\t<p><!-- Calendly inline widget begin --><\/p><div class=\"calendly-inline-widget\" style=\"min-width: 320px; height: 700px;\" data-url=\"https:\/\/calendly.com\/seojokers\/60min?hide_event_type_details=1&amp;hide_gdpr_banner=1\">\u00a0<\/div><p><script type=\"text\/javascript\" src=\"https:\/\/assets.calendly.com\/assets\/external\/widget.js\" async><\/script><br \/><!-- Calendly inline widget end --><\/p>\t\t\t\t\t\t\t\t<\/div>\n\t\t\t\t<\/div>\n\t\t\t\t\t<\/div>\n\t\t<\/div>\n\t\t\t\t<div class=\"elementor-column elementor-col-50 elementor-inner-column elementor-element elementor-element-bf1b4c5 elementor-hidden-tablet elementor-hidden-mobile\" data-id=\"bf1b4c5\" data-element_type=\"column\" data-e-type=\"column\">\n\t\t\t<div class=\"elementor-widget-wrap elementor-element-populated\">\n\t\t\t\t\t\t<div class=\"elementor-element elementor-element-b34385f elementor-widget elementor-widget-image\" data-id=\"b34385f\" data-element_type=\"widget\" data-e-type=\"widget\" data-widget_type=\"image.default\">\n\t\t\t\t<div class=\"elementor-widget-container\">\n\t\t\t\t\t\t\t\t\t\t\t\t\t\t\t<img decoding=\"async\" src=\"https:\/\/seojokers.com\/wp-content\/uploads\/2023\/07\/Nathan-Joker.png\" title=\"\" alt=\"\" loading=\"lazy\">\t\t\t\t\t\t\t\t\t\t\t\t\t\t\t<\/div>\n\t\t\t\t<\/div>\n\t\t\t\t\t<\/div>\n\t\t<\/div>\n\t\t\t\t\t<\/div>\n\t\t<\/section>\n\t\t\t\t\t<\/div>\n\t\t<\/div>\n\t\t\t\t\t<\/div>\n\t\t<\/section>\n\t\t\t\t<\/div>","protected":false},"excerpt":{"rendered":"<p>Brilliance Jewels Mehrere Gesch\u00e4fte und Tausende von Produkten zum Kaufen und Verkaufen bedeuten Komplexit\u00e4t. Sehen Sie sich an, wie wir Hunderttausende von organischen Klicks generiert haben, die eine nat\u00fcrliche Reha von PPC-Kampagnen auf unbestimmte Zeit eingeleitet haben! Vollst\u00e4ndige Fallstudie Kostenlose Beratung \u00a0<\/p>","protected":false},"author":1,"featured_media":0,"parent":0,"menu_order":0,"comment_status":"closed","ping_status":"closed","template":"elementor_header_footer","meta":{"footnotes":""},"class_list":["post-35570","page","type-page","status-publish","hentry"],"_links":{"self":[{"href":"https:\/\/seojokers.com\/de\/wp-json\/wp\/v2\/pages\/35570","targetHints":{"allow":["GET"]}}],"collection":[{"href":"https:\/\/seojokers.com\/de\/wp-json\/wp\/v2\/pages"}],"about":[{"href":"https:\/\/seojokers.com\/de\/wp-json\/wp\/v2\/types\/page"}],"author":[{"embeddable":true,"href":"https:\/\/seojokers.com\/de\/wp-json\/wp\/v2\/users\/1"}],"replies":[{"embeddable":true,"href":"https:\/\/seojokers.com\/de\/wp-json\/wp\/v2\/comments?post=35570"}],"version-history":[{"count":397,"href":"https:\/\/seojokers.com\/de\/wp-json\/wp\/v2\/pages\/35570\/revisions"}],"predecessor-version":[{"id":45340,"href":"https:\/\/seojokers.com\/de\/wp-json\/wp\/v2\/pages\/35570\/revisions\/45340"}],"wp:attachment":[{"href":"https:\/\/seojokers.com\/de\/wp-json\/wp\/v2\/media?parent=35570"}],"curies":[{"name":"wp","href":"https:\/\/api.w.org\/{rel}","templated":true}]}}