{"id":32453,"date":"2023-05-27T19:04:01","date_gmt":"2023-05-27T19:04:01","guid":{"rendered":"https:\/\/seojokers.com\/?page_id=32453"},"modified":"2023-09-27T01:15:03","modified_gmt":"2023-09-27T01:15:03","slug":"premium","status":"publish","type":"page","link":"https:\/\/seojokers.com\/de\/premium\/","title":{"rendered":"White Glove Web-Tech-Dienste"},"content":{"rendered":"<div data-elementor-type=\"wp-page\" data-elementor-id=\"32453\" class=\"elementor elementor-32453\" data-elementor-post-type=\"page\">\n\t\t\t\t\t\t<section class=\"elementor-section elementor-top-section elementor-element elementor-element-f19a10d elementor-section-boxed elementor-section-height-default elementor-section-height-default\" data-id=\"f19a10d\" data-element_type=\"section\" data-e-type=\"section\">\n\t\t\t\t\t\t<div class=\"elementor-container elementor-column-gap-default\">\n\t\t\t\t\t<div class=\"elementor-column elementor-col-100 elementor-top-column elementor-element elementor-element-8bef6f9\" data-id=\"8bef6f9\" data-element_type=\"column\" data-e-type=\"column\">\n\t\t\t<div class=\"elementor-widget-wrap elementor-element-populated\">\n\t\t\t\t\t\t<div class=\"elementor-element elementor-element-8cd3dfc elementor-widget elementor-widget-text-editor\" data-id=\"8cd3dfc\" data-element_type=\"widget\" data-e-type=\"widget\" data-widget_type=\"text-editor.default\">\n\t\t\t\t<div class=\"elementor-widget-container\">\n\t\t\t\t\t\t\t\t\t<p><span style=\"font-weight: 400;\">Wir k\u00fcmmern uns um ALLES<\/span><span style=\"font-weight: 400;\"><br \/><\/span><span style=\"font-weight: 400;\">Vom Webhosting bis zur SEO-Schulung f\u00fcr Ihr Team. Webmanagement und sogar Entwicklung, Social-Media-Designs und was nicht alles \u2013 wir k\u00f6nnen Ihren Service ganz nach Ihren W\u00fcnschen anpassen!<\/span><\/p>\t\t\t\t\t\t\t\t<\/div>\n\t\t\t\t<\/div>\n\t\t\t\t\t<\/div>\n\t\t<\/div>\n\t\t\t\t\t<\/div>\n\t\t<\/section>\n\t\t\t\t<\/div>","protected":false},"excerpt":{"rendered":"<p>Wir k\u00fcmmern uns um ALLES f\u00fcr Sie, vom Webhosting bis zur SEO-Schulung f\u00fcr Ihr Team. Webmanagement und sogar Entwicklung, Social-Media-Designs und was nicht alles, wir k\u00f6nnen Ihren Service ganz nach Ihren W\u00fcnschen anpassen!<\/p>","protected":false},"author":1,"featured_media":0,"parent":0,"menu_order":0,"comment_status":"closed","ping_status":"closed","template":"elementor_header_footer","meta":{"footnotes":""},"class_list":["post-32453","page","type-page","status-publish","hentry"],"_links":{"self":[{"href":"https:\/\/seojokers.com\/de\/wp-json\/wp\/v2\/pages\/32453","targetHints":{"allow":["GET"]}}],"collection":[{"href":"https:\/\/seojokers.com\/de\/wp-json\/wp\/v2\/pages"}],"about":[{"href":"https:\/\/seojokers.com\/de\/wp-json\/wp\/v2\/types\/page"}],"author":[{"embeddable":true,"href":"https:\/\/seojokers.com\/de\/wp-json\/wp\/v2\/users\/1"}],"replies":[{"embeddable":true,"href":"https:\/\/seojokers.com\/de\/wp-json\/wp\/v2\/comments?post=32453"}],"version-history":[{"count":9,"href":"https:\/\/seojokers.com\/de\/wp-json\/wp\/v2\/pages\/32453\/revisions"}],"predecessor-version":[{"id":41277,"href":"https:\/\/seojokers.com\/de\/wp-json\/wp\/v2\/pages\/32453\/revisions\/41277"}],"wp:attachment":[{"href":"https:\/\/seojokers.com\/de\/wp-json\/wp\/v2\/media?parent=32453"}],"curies":[{"name":"wp","href":"https:\/\/api.w.org\/{rel}","templated":true}]}}