{"id":29312,"date":"2022-12-31T07:26:54","date_gmt":"2022-12-31T07:26:54","guid":{"rendered":"https:\/\/seojokers.com\/?page_id=29312"},"modified":"2023-07-25T09:51:15","modified_gmt":"2023-07-25T09:51:15","slug":"tos","status":"publish","type":"page","link":"https:\/\/seojokers.com\/de\/tos\/","title":{"rendered":"Nutzungsbedingungen"},"content":{"rendered":"<div data-elementor-type=\"wp-page\" data-elementor-id=\"29312\" class=\"elementor elementor-29312\" data-elementor-post-type=\"page\">\n\t\t\t\t\t\t<section class=\"elementor-section elementor-top-section elementor-element elementor-element-067d834 elementor-section-boxed elementor-section-height-default elementor-section-height-default\" data-id=\"067d834\" data-element_type=\"section\" data-e-type=\"section\">\n\t\t\t\t\t\t<div class=\"elementor-container elementor-column-gap-default\">\n\t\t\t\t\t<div class=\"elementor-column elementor-col-100 elementor-top-column elementor-element elementor-element-2572a8c\" data-id=\"2572a8c\" data-element_type=\"column\" data-e-type=\"column\">\n\t\t\t<div class=\"elementor-widget-wrap elementor-element-populated\">\n\t\t\t\t\t\t<div class=\"elementor-element elementor-element-014ca2a elementor-widget elementor-widget-text-editor\" data-id=\"014ca2a\" data-element_type=\"widget\" data-e-type=\"widget\" data-widget_type=\"text-editor.default\">\n\t\t\t\t<div class=\"elementor-widget-container\">\n\t\t\t\t\t\t\t\t\t<p><span style=\"font-weight: 400;\">SEO Jokers teilen die neuesten Informationen und Entwicklungen in der SEO-Welt und allgemein in der Website-Entwicklung mit der Community. Wir neigen dazu, einen Beitrag zu leisten und unsere Ansichten zu den wesentlichen Merkmalen dieser Nische zu teilen. Dar\u00fcber hinaus glauben wir fest an die Meinungsfreiheit und daher beziehen sich unsere Inhalte auch auf Themen wie Freiheit, Libertarismus, Wohlt\u00e4tigkeit und vieles mehr.<\/span><\/p><p>\u00a0<\/p><p><span style=\"font-weight: 400;\">Im Bewusstsein unserer Mission und unseres Wunsches, die neuesten Entwicklungen und unsere Meinung dazu zu teilen, sprechen wir gelegentlich \u00fcber vertrauliche Informationen. Wir verkn\u00fcpfen auch Produkte, die f\u00fcr unsere Arbeit und die von uns beworbenen Inhalte relevant sind.<\/span><\/p><p>\u00a0<\/p><p><span style=\"font-weight: 400;\">Wie bereits erw\u00e4hnt, glauben wir an die F\u00f6rderung der freien Meinungs\u00e4u\u00dferung und halten unsere Meinung daher unabh\u00e4ngig vom Thema ehrlich, transparent und leicht zug\u00e4nglich.<\/span><\/p><p>\u00a0<\/p><p><span style=\"font-weight: 400;\">Aufgrund unserer Transparenz und Offenheit enth\u00e4lt unsere Website Inhalte, die sich an Personen ab 21 Jahren richten.\u00a0<\/span><\/p><p>\u00a0<\/p><p><span style=\"font-weight: 400;\">Wenn es um die Datenerfassung geht, sollten sich alle Besucher dar\u00fcber im Klaren sein, dass wir auf unserer Website E-Mail-Adressen f\u00fcr unsere Newsletter sammeln und diese niemals verkaufen oder weitergeben. Im Einklang mit unseren Werten bieten wir keine Linkbuilding-Dienste an. Wir glauben fest daran, dass Links verdient und nicht gekauft werden!<\/span><\/p><p>\u00a0<\/p><p><span style=\"font-weight: 400;\">SEO h\u00e4ngt von Ihrem Produkt, Ihrem Kundenservice, Ihrer Online-Pr\u00e4senz, Ihren Online-Bewertungen und Ihrem Produktwert ab. Organische Ergebnisse erfordern Zeit und M\u00fche und erfordern viel Kommunikation und Geduld.<\/span><span style=\"font-weight: 400;\"><br \/><\/span><span style=\"font-weight: 400;\"><br \/><br \/><\/span><\/p><p><br \/><br \/><br \/><br \/><\/p><p><span style=\"font-weight: 400;\">Vielen Dank, dass Sie die Richtlinien von SEO Joker respektieren, und wir hoffen, dass Ihnen unsere Inhalte gefallen!<\/span><\/p><p><span style=\"font-weight: 400;\">Wir besch\u00e4ftigen uns mit SEO-Inhalten und schreiben \u00fcber die wichtigsten Features, die diese Nische mit sich bringt.<\/span><\/p><p><span style=\"font-weight: 400;\">Das bedeutet auch, dass wir gelegentlich \u00fcber sensible Informationen sprechen. Au\u00dferdem befasst sich unser Blog mit Themen wie Freiheit, Libertarismus und vielem mehr.<\/span><\/p><p><span style=\"font-weight: 400;\">Wir verkn\u00fcpfen auch Produkte, die f\u00fcr unsere Arbeit und die von uns beworbenen Inhalte relevant sind.<\/span><\/p><p><span style=\"font-weight: 400;\">Da wir an die F\u00f6rderung der freien Meinungs\u00e4u\u00dferung glauben, bleiben unsere Meinungen ehrlich und \u00f6ffentlich, unabh\u00e4ngig vom Thema.<\/span><\/p><p><span style=\"font-weight: 400;\">Diese Website enth\u00e4lt Inhalte, die f\u00fcr Personen ab 21 Jahren bestimmt sind.\u00a0<\/span><\/p><p><span style=\"font-weight: 400;\">Wir sammeln auf unserer Website E-Mail-Adressen f\u00fcr unsere Newsletter und werden diese Adressen niemals verkaufen oder an Dritte weitergeben.<\/span><\/p><p><span style=\"font-weight: 400;\">Wir bieten keine Linkbuilding-Dienste an. Links werden verdient \u2013 nicht gekauft.<\/span><\/p><p><span style=\"font-weight: 400;\">SEO h\u00e4ngt tats\u00e4chlich von Ihrem Produkt, Ihrem Kundenservice, Ihrer Online-Pr\u00e4senz, Ihren Online-Bewertungen und Ihrem Produktwert ab.<\/span><\/p><p><span style=\"font-weight: 400;\">Organische Ergebnisse kosten Geld, kosten Zeit und M\u00fche und erfordern viel Kommunikation und Geduld.<\/span><\/p>\t\t\t\t\t\t\t\t<\/div>\n\t\t\t\t<\/div>\n\t\t\t\t\t<\/div>\n\t\t<\/div>\n\t\t\t\t\t<\/div>\n\t\t<\/section>\n\t\t\t\t<\/div>","protected":false},"excerpt":{"rendered":"<p>SEO Jokers share the newest information and development in the SEO world and generally website development with the community. We tend to contribute and share our perspectives on the essential features of this niche. Additionally, we strongly believe in freedom of expression, and therefore our content also relates to issues of liberty, libertarianism, charity, and [&hellip;]<\/p>\n","protected":false},"author":1,"featured_media":0,"parent":0,"menu_order":0,"comment_status":"closed","ping_status":"closed","template":"","meta":{"footnotes":""},"class_list":["post-29312","page","type-page","status-publish","hentry"],"_links":{"self":[{"href":"https:\/\/seojokers.com\/de\/wp-json\/wp\/v2\/pages\/29312","targetHints":{"allow":["GET"]}}],"collection":[{"href":"https:\/\/seojokers.com\/de\/wp-json\/wp\/v2\/pages"}],"about":[{"href":"https:\/\/seojokers.com\/de\/wp-json\/wp\/v2\/types\/page"}],"author":[{"embeddable":true,"href":"https:\/\/seojokers.com\/de\/wp-json\/wp\/v2\/users\/1"}],"replies":[{"embeddable":true,"href":"https:\/\/seojokers.com\/de\/wp-json\/wp\/v2\/comments?post=29312"}],"version-history":[{"count":7,"href":"https:\/\/seojokers.com\/de\/wp-json\/wp\/v2\/pages\/29312\/revisions"}],"predecessor-version":[{"id":37484,"href":"https:\/\/seojokers.com\/de\/wp-json\/wp\/v2\/pages\/29312\/revisions\/37484"}],"wp:attachment":[{"href":"https:\/\/seojokers.com\/de\/wp-json\/wp\/v2\/media?parent=29312"}],"curies":[{"name":"wp","href":"https:\/\/api.w.org\/{rel}","templated":true}]}}