{"id":28985,"date":"2022-12-24T22:17:07","date_gmt":"2022-12-24T22:17:07","guid":{"rendered":"https:\/\/seojokers.com\/?page_id=28985"},"modified":"2023-08-20T08:34:26","modified_gmt":"2023-08-20T08:34:26","slug":"adsense","status":"publish","type":"page","link":"https:\/\/seojokers.com\/de\/seo\/adsense\/","title":{"rendered":"Google AdSense-Verwaltung"},"content":{"rendered":"<div data-elementor-type=\"wp-page\" data-elementor-id=\"28985\" class=\"elementor elementor-28985\" data-elementor-post-type=\"page\">\n\t\t\t\t\t\t<section class=\"elementor-section elementor-top-section elementor-element elementor-element-76a828b elementor-section-boxed elementor-section-height-default elementor-section-height-default\" data-id=\"76a828b\" data-element_type=\"section\" data-e-type=\"section\">\n\t\t\t\t\t\t<div class=\"elementor-container elementor-column-gap-default\">\n\t\t\t\t\t<div class=\"elementor-column elementor-col-50 elementor-top-column elementor-element elementor-element-4ddbd04\" data-id=\"4ddbd04\" data-element_type=\"column\" data-e-type=\"column\">\n\t\t\t<div class=\"elementor-widget-wrap elementor-element-populated\">\n\t\t\t\t\t\t<div class=\"elementor-element elementor-element-aa38513 elementor-widget elementor-widget-text-editor\" data-id=\"aa38513\" data-element_type=\"widget\" data-e-type=\"widget\" data-widget_type=\"text-editor.default\">\n\t\t\t\t<div class=\"elementor-widget-container\">\n\t\t\t\t\t\t\t\t\t<p><span style=\"font-weight: 400;\">Dieser Service richtet sich an gro\u00dfe Verlage und Blogs, die sicherstellen m\u00f6chten, dass ihre Anzeigen das Benutzererlebnis nicht beeintr\u00e4chtigen und somit nicht (indirekt) ihrer SEO schaden.<\/span><\/p><p><span style=\"font-weight: 400;\">Richten Sie au\u00dferdem Google AdSense ein und optimieren Sie es f\u00fcr h\u00f6chste Gewinne unter Ber\u00fccksichtigung von SEO.<\/span><\/p><p><span style=\"font-weight: 400;\">AdSense hat keinen direkten Einfluss auf Ihre SEO! <\/span><a href=\"https:\/\/support.google.com\/adsense\/answer\/9717\" rel=\"nofollow noopener\" target=\"_blank\"><span style=\"font-weight: 400;\">Google erw\u00e4hnt das<\/span><\/a><span style=\"font-weight: 400;\"> mehr als einmal. <\/span><span style=\"font-weight: 400;\">Aber die Optimierung Ihrer Benutzererfahrung und Anzeigenplatzierung ist der SCHL\u00dcSSEL.<\/span><span style=\"font-weight: 400;\"><br \/><\/span><span style=\"font-weight: 400;\">Sie wissen und verstehen, wie st\u00f6rend Werbung beim Surfen im Internet sein kann.<\/span><\/p>\t\t\t\t\t\t\t\t<\/div>\n\t\t\t\t<\/div>\n\t\t\t\t\t<\/div>\n\t\t<\/div>\n\t\t\t\t<div class=\"elementor-column elementor-col-50 elementor-top-column elementor-element elementor-element-1d87228\" data-id=\"1d87228\" data-element_type=\"column\" data-e-type=\"column\">\n\t\t\t<div class=\"elementor-widget-wrap elementor-element-populated\">\n\t\t\t\t\t\t<div class=\"elementor-element elementor-element-f93f493 elementor-widget elementor-widget-video\" data-id=\"f93f493\" data-element_type=\"widget\" data-e-type=\"widget\" data-settings=\"{&quot;youtube_url&quot;:&quot;https:\\\/\\\/www.youtube.com\\\/watch?v=RpTI97uteJs&quot;,&quot;video_type&quot;:&quot;youtube&quot;,&quot;controls&quot;:&quot;yes&quot;}\" data-widget_type=\"video.default\">\n\t\t\t\t<div class=\"elementor-widget-container\">\n\t\t\t\t\t\t\t<div class=\"elementor-wrapper elementor-open-inline\">\n\t\t\t<div class=\"elementor-video\"><\/div>\t\t<\/div>\n\t\t\t\t\t\t<\/div>\n\t\t\t\t<\/div>\n\t\t\t\t\t<\/div>\n\t\t<\/div>\n\t\t\t\t\t<\/div>\n\t\t<\/section>\n\t\t\t\t<\/div>","protected":false},"excerpt":{"rendered":"<p>This service is dedicated for large publishers and blogs that want to make sure their ads are not interfering with the user experience and thus not hurting their SEO (indirectly). Also setting up Google AdSense and optimizing it for the highest profits with SEO in mind. AdSense does not affect your SEO directly! Google mentions [&hellip;]<\/p>\n","protected":false},"author":1,"featured_media":0,"parent":4989,"menu_order":0,"comment_status":"closed","ping_status":"closed","template":"elementor_header_footer","meta":{"footnotes":""},"class_list":["post-28985","page","type-page","status-publish","hentry"],"_links":{"self":[{"href":"https:\/\/seojokers.com\/de\/wp-json\/wp\/v2\/pages\/28985","targetHints":{"allow":["GET"]}}],"collection":[{"href":"https:\/\/seojokers.com\/de\/wp-json\/wp\/v2\/pages"}],"about":[{"href":"https:\/\/seojokers.com\/de\/wp-json\/wp\/v2\/types\/page"}],"author":[{"embeddable":true,"href":"https:\/\/seojokers.com\/de\/wp-json\/wp\/v2\/users\/1"}],"replies":[{"embeddable":true,"href":"https:\/\/seojokers.com\/de\/wp-json\/wp\/v2\/comments?post=28985"}],"version-history":[{"count":27,"href":"https:\/\/seojokers.com\/de\/wp-json\/wp\/v2\/pages\/28985\/revisions"}],"predecessor-version":[{"id":39383,"href":"https:\/\/seojokers.com\/de\/wp-json\/wp\/v2\/pages\/28985\/revisions\/39383"}],"up":[{"embeddable":true,"href":"https:\/\/seojokers.com\/de\/wp-json\/wp\/v2\/pages\/4989"}],"wp:attachment":[{"href":"https:\/\/seojokers.com\/de\/wp-json\/wp\/v2\/media?parent=28985"}],"curies":[{"name":"wp","href":"https:\/\/api.w.org\/{rel}","templated":true}]}}