{"id":14065,"date":"2022-04-20T06:20:38","date_gmt":"2022-04-20T06:20:38","guid":{"rendered":"https:\/\/seojokers.com\/?page_id=14065"},"modified":"2024-11-24T09:28:02","modified_gmt":"2024-11-24T09:28:02","slug":"local","status":"publish","type":"page","link":"https:\/\/seojokers.com\/de\/seo\/local\/","title":{"rendered":"Lokale SEO-Dienste"},"content":{"rendered":"<div data-elementor-type=\"wp-page\" data-elementor-id=\"14065\" class=\"elementor elementor-14065\" data-elementor-post-type=\"page\">\n\t\t\t\t\t\t<section class=\"elementor-section elementor-top-section elementor-element elementor-element-e219b1c elementor-section-boxed elementor-section-height-default elementor-section-height-default\" data-id=\"e219b1c\" data-element_type=\"section\" data-e-type=\"section\">\n\t\t\t\t\t\t<div class=\"elementor-container elementor-column-gap-default\">\n\t\t\t\t\t<div class=\"elementor-column elementor-col-100 elementor-top-column elementor-element elementor-element-ccae128\" data-id=\"ccae128\" data-element_type=\"column\" data-e-type=\"column\">\n\t\t\t<div class=\"elementor-widget-wrap elementor-element-populated\">\n\t\t\t\t\t\t<section class=\"elementor-section elementor-inner-section elementor-element elementor-element-1910208 elementor-section-full_width elementor-section-height-default elementor-section-height-default elementor-invisible\" data-id=\"1910208\" data-element_type=\"section\" data-e-type=\"section\" data-settings=\"{&quot;animation&quot;:&quot;fadeInLeft&quot;,&quot;animation_mobile&quot;:&quot;none&quot;}\">\n\t\t\t\t\t\t<div class=\"elementor-container elementor-column-gap-default\">\n\t\t\t\t\t<div class=\"elementor-column elementor-col-50 elementor-inner-column elementor-element elementor-element-91d2852 animated-slow\" data-id=\"91d2852\" data-element_type=\"column\" data-e-type=\"column\" data-settings=\"{&quot;background_background&quot;:&quot;classic&quot;,&quot;animation&quot;:&quot;none&quot;}\">\n\t\t\t<div class=\"elementor-widget-wrap elementor-element-populated\">\n\t\t\t\t\t\t<div class=\"elementor-element elementor-element-e33cee0 elementor-widget elementor-widget-text-editor\" data-id=\"e33cee0\" data-element_type=\"widget\" data-e-type=\"widget\" data-widget_type=\"text-editor.default\">\n\t\t\t\t<div class=\"elementor-widget-container\">\n\t\t\t\t\t\t\t\t\t<p><span style=\"font-weight: 400;\">Wendet einen strategischen und zielgerichteten Ansatz bei der Suchmaschinenoptimierung an. Dieser Service erh\u00f6ht die Chance, dass Ihre Website lokal in einer Stadt, Region oder einem Bundesland gefunden wird.<\/span><\/p><p>\u00a0<\/p><p><span style=\"font-weight: 400;\">Unternehmen, die mit Kunden in einer bestimmten Umgebung Gesch\u00e4fte t\u00e4tigen m\u00f6chten, ben\u00f6tigen h\u00e4ufig lokales SEO. Es erm\u00f6glicht Menschen in einem bestimmten geografischen Gebiet, Ihre Website zusammen mit ihren Produkten oder Dienstleistungen leicht zu finden. Dadurch er\u00f6ffnet dieser Service die M\u00f6glichkeit, durch lokale organische Suchen eine h\u00f6here Conversion-Rate zu erzielen.<\/span><\/p>\t\t\t\t\t\t\t\t<\/div>\n\t\t\t\t<\/div>\n\t\t\t\t\t<\/div>\n\t\t<\/div>\n\t\t\t\t<div class=\"elementor-column elementor-col-50 elementor-inner-column elementor-element elementor-element-4d2bb58 animated-slow\" data-id=\"4d2bb58\" data-element_type=\"column\" data-e-type=\"column\" data-settings=\"{&quot;background_background&quot;:&quot;classic&quot;,&quot;animation&quot;:&quot;none&quot;}\">\n\t\t\t<div class=\"elementor-widget-wrap elementor-element-populated\">\n\t\t\t\t\t\t<div class=\"elementor-element elementor-element-c2f4c72 elementor-view-default elementor-position-block-start elementor-mobile-position-block-start elementor-widget elementor-widget-icon-box\" data-id=\"c2f4c72\" data-element_type=\"widget\" data-e-type=\"widget\" data-widget_type=\"icon-box.default\">\n\t\t\t\t<div class=\"elementor-widget-container\">\n\t\t\t\t\t\t\t<div class=\"elementor-icon-box-wrapper\">\n\n\t\t\t\t\t\t<div class=\"elementor-icon-box-icon\">\n\t\t\t\t<a href=\"#services\" class=\"elementor-icon elementor-animation-bob\" tabindex=\"-1\" aria-label=\"Lokales SEO\">\n\t\t\t\t<svg xmlns=\"http:\/\/www.w3.org\/2000\/svg\" id=\"Layer_1\" height=\"512\" viewbox=\"0 0 512 512\" width=\"512\"><g><path d=\"m478.5 467h-445c-14.359 0-26-11.641-26-26v-284h497v284c0 14.36-11.641 26-26 26z\" fill=\"#eef5f6\"><\/path><path d=\"m474.5 157v284c0 14.359-11.641 26-26 26h30c14.359 0 26-11.641 26-26v-284z\" fill=\"#deecf1\"><\/path><path d=\"m504.5 157h-497v-54c0-14.359 11.641-26 26-26h445c14.359 0 26 11.641 26 26z\" fill=\"#918291\"><\/path><path d=\"m478.5 77h-30c14.359 0 26 11.641 26 26v54h30v-54c0-14.359-11.641-26-26-26z\" fill=\"#7a6d79\"><\/path><circle cx=\"74.231\" cy=\"116.673\" fill=\"#fe646f\" r=\"16\"><\/circle><circle cx=\"132.897\" cy=\"116.673\" fill=\"#ffd15b\" r=\"16\"><\/circle><circle cx=\"191.564\" cy=\"116.673\" fill=\"#8379c1\" r=\"16\"><\/circle><path d=\"m474 157.965c0 82.617-89.314 152.322-109.135 166.774-2.307 1.682-5.424 1.682-7.73 0-19.821-14.452-109.135-84.157-109.135-166.774 0-62.389 50.592-112.965 113-112.965s113 50.576 113 112.965z\" fill=\"#fe646f\"><\/path><path d=\"m361 45c-5.085 0-10.09.342-14.997.992 55.318 7.334 98.003 54.667 98.003 111.972 0 71.707-67.273 133.677-98.003 158.246 4.676 3.738 8.514 6.62 11.132 8.528 2.307 1.682 5.424 1.682 7.731 0 19.82-14.451 109.134-84.156 109.134-166.773 0-62.389-50.592-112.965-113-112.965z\" fill=\"#fd4755\"><\/path><circle cx=\"361\" cy=\"157.907\" fill=\"#eef5f6\" r=\"58\"><\/circle><path d=\"m361 99.907c-5.191 0-10.219.692-15.007 1.971 24.756 6.615 42.993 29.187 42.993 56.029s-18.237 49.414-42.993 56.029c4.788 1.279 9.816 1.971 15.007 1.971 32.032 0 58-25.967 58-58 0-32.032-25.968-58-58-58z\" fill=\"#deecf1\"><\/path><path d=\"m413 415.168h-104c-16.016 0-29-12.984-29-29 0-16.016 12.984-29 29-29h104c16.016 0 29 12.984 29 29 0 16.016-12.984 29-29 29z\" fill=\"#ffd15b\"><\/path><path d=\"m413 357.168h-30c16.016 0 29 12.984 29 29 0 16.016-12.984 29-29 29h30c16.016 0 29-12.984 29-29 0-16.016-12.984-29-29-29z\" fill=\"#ffc344\"><\/path><g><path d=\"m478.5 69.5h-35.723c-3.528-3.268-7.267-6.34-11.208-9.19-8.205-5.554-16.649 6.082-8.791 12.153 108.235 87.86-10.609 210.67-61.778 245.81-18.917-13.879-105.5-81.736-105.5-160.31 0-58.152 47.327-105.463 105.5-105.463 11.18 0 22.182 1.737 32.702 5.163 9.487 2.788 13.995-10.897 4.644-14.264-40.568-13.89-89.26-2.482-119.044 26.101h-245.802c-18.472 0-33.5 15.029-33.5 33.5v269.749c0 4.143 3.358 7.5 7.5 7.5s7.5-3.357 7.5-7.5v-208.249h225.677c1.825 34.818 18.187 70.857 48.713 107.234 22.135 26.133 62.56 63.223 71.61 61.775 9.029 1.469 49.437-35.607 71.611-61.774 30.526-36.378 46.887-72.417 48.713-107.235h15.676v276.5c0 10.201-8.299 18.5-18.5 18.5h-445c-10.201 0-18.5-8.299-18.5-18.5v-33.088c0-4.143-3.358-7.5-7.5-7.5s-7.5 3.357-7.5 7.5v33.088c0 18.472 15.028 33.5 33.5 33.5h445c18.472 0 33.5-15.028 33.5-33.5v-338c0-18.471-15.028-33.5-33.5-33.5zm-463.5 33.5c0-10.201 8.299-18.5 18.5-18.5h232.071c-14.092 18.252-23.069 40.638-24.769 65h-225.802zm466.187 46.5c-1.688-23.74-10.419-46.356-24.744-65h22.057c10.201 0 18.5 8.299 18.5 18.5v46.5z\"><\/path><path d=\"m74.231 93.172c-12.958 0-23.5 10.542-23.5 23.5 1.181 31.133 45.823 31.125 47 0 0-12.958-10.542-23.5-23.5-23.5zm0 32c-4.687 0-8.5-3.813-8.5-8.5.399-11.25 16.602-11.247 17 0 0 4.687-3.813 8.5-8.5 8.5z\"><\/path><path d=\"m132.897 93.172c-12.958 0-23.5 10.542-23.5 23.5 1.181 31.133 45.823 31.125 47 0 0-12.958-10.542-23.5-23.5-23.5zm0 32c-4.687 0-8.5-3.813-8.5-8.5.399-11.25 16.602-11.247 17 0 0 4.687-3.813 8.5-8.5 8.5z\"><\/path><path d=\"m191.564 93.172c-12.958 0-23.5 10.542-23.5 23.5 1.181 31.133 45.823 31.125 47 0 0-12.958-10.542-23.5-23.5-23.5zm0 32c-4.687 0-8.5-3.813-8.5-8.5.399-11.25 16.602-11.247 17 0 0 4.687-3.813 8.5-8.5 8.5z\"><\/path><path d=\"m55 241.5h49.717c9.9-.3 9.924-14.692 0-15h-49.717c-4.142 0-7.5 3.357-7.5 7.5s3.358 7.5 7.5 7.5z\"><\/path><path d=\"m55 279.5h106c9.882-.292 9.939-14.688 0-15h-106c-9.882.293-9.939 14.689 0 15z\"><\/path><path d=\"m55 317.5h106c9.882-.292 9.939-14.688 0-15h-106c-9.882.293-9.939 14.689 0 15z\"><\/path><path d=\"m55 355.5h106c9.882-.292 9.939-14.688 0-15h-106c-9.882.293-9.939 14.689 0 15z\"><\/path><path d=\"m295.5 157.907c0 36.117 29.383 65.5 65.5 65.5 86.775-3.292 86.752-127.721-.001-131-36.116 0-65.499 29.383-65.499 65.5zm116 0c0 27.846-22.654 50.5-50.5 50.5-66.903-2.539-66.885-98.471.001-101 27.845 0 50.499 22.654 50.499 50.5z\"><\/path><path d=\"m413 422.668c48.327-1.822 48.369-71.163 0-73h-104c-20.126 0-36.5 16.374-36.5 36.5s16.374 36.5 36.5 36.5zm-125.5-36.501c0-11.854 9.645-21.499 21.5-21.499h104c11.855 0 21.5 9.645 21.5 21.5s-9.645 21.5-21.5 21.5h-104c-11.855 0-21.5-9.645-21.5-21.501z\"><\/path><\/g><\/g><\/svg>\t\t\t\t<\/a>\n\t\t\t<\/div>\n\t\t\t\n\t\t\t\t\t\t<div class=\"elementor-icon-box-content\">\n\n\t\t\t\t\t\t\t\t\t<h4 class=\"elementor-icon-box-title\">\n\t\t\t\t\t\t<a href=\"#services\" >\n\t\t\t\t\t\t\tLokales SEO\t\t\t\t\t\t<\/a>\n\t\t\t\t\t<\/h4>\n\t\t\t\t\n\t\t\t\t\t\t\t\t\t<p class=\"elementor-icon-box-description\">\n\t\t\t\t\t\tLokales SEO<br>\nGoogle My Business<br>\nGoogle Maps\t\t\t\t\t<\/p>\n\t\t\t\t\n\t\t\t<\/div>\n\t\t\t\n\t\t<\/div>\n\t\t\t\t\t\t<\/div>\n\t\t\t\t<\/div>\n\t\t\t\t<div class=\"elementor-element elementor-element-751b698 elementor-align-center elementor-widget elementor-widget-button\" data-id=\"751b698\" data-element_type=\"widget\" data-e-type=\"widget\" data-widget_type=\"button.default\">\n\t\t\t\t<div class=\"elementor-widget-container\">\n\t\t\t\t\t\t\t\t\t<div class=\"elementor-button-wrapper\">\n\t\t\t\t\t<a class=\"elementor-button elementor-button-link elementor-size-lg\" href=\"https:\/\/seojokers.com\/de\/contact\/\">\n\t\t\t\t\t\t<span class=\"elementor-button-content-wrapper\">\n\t\t\t\t\t\t<span class=\"elementor-button-icon\">\n\t\t\t\t<i aria-hidden=\"true\" class=\"fas fa-arrow-right\"><\/i>\t\t\t<\/span>\n\t\t\t\t\t\t\t\t\t<span class=\"elementor-button-text\">Anfrage<\/span>\n\t\t\t\t\t<\/span>\n\t\t\t\t\t<\/a>\n\t\t\t\t<\/div>\n\t\t\t\t\t\t\t\t<\/div>\n\t\t\t\t<\/div>\n\t\t\t\t\t<\/div>\n\t\t<\/div>\n\t\t\t\t\t<\/div>\n\t\t<\/section>\n\t\t\t\t\t<\/div>\n\t\t<\/div>\n\t\t\t\t\t<\/div>\n\t\t<\/section>\n\t\t\t\t<section class=\"elementor-section elementor-top-section elementor-element elementor-element-cc767d1 elementor-section-boxed elementor-section-height-default elementor-section-height-default\" data-id=\"cc767d1\" data-element_type=\"section\" data-e-type=\"section\">\n\t\t\t\t\t\t<div class=\"elementor-container elementor-column-gap-default\">\n\t\t\t\t\t<div class=\"elementor-column elementor-col-100 elementor-top-column elementor-element elementor-element-8977b87\" data-id=\"8977b87\" data-element_type=\"column\" data-e-type=\"column\">\n\t\t\t<div class=\"elementor-widget-wrap elementor-element-populated\">\n\t\t\t\t\t\t<div class=\"elementor-element elementor-element-5be2ddc elementor-widget elementor-widget-text-editor\" data-id=\"5be2ddc\" data-element_type=\"widget\" data-e-type=\"widget\" data-widget_type=\"text-editor.default\">\n\t\t\t\t<div class=\"elementor-widget-container\">\n\t\t\t\t\t\t\t\t\t<p><span style=\"font-weight: 400;\">Unsere Google-Unternehmensprofilverwaltung auf Google Maps umfasst die Einrichtung eines Eintrags Ihres Unternehmens auf Google Maps, falls Sie noch keinen haben, oder die Verbesserung des bestehenden, indem Sie weitere positive Rezensionen und Bewertungen hinzuf\u00fcgen oder negative Bewertungen korrigieren und entfernen. wenn m\u00f6glich. Wenn die negative Bewertung oder Bewertung von einer echten Person abgegeben wurde, die Ihr fr\u00fcherer Kunde ist, ist es nicht m\u00f6glich, sie zu entfernen. Dies ist jedoch m\u00f6glich, wenn die Bewertung oder Bewertung von einem Bot oder einem Bot abgegeben wurde gef\u00e4lschtes Konto, aber der Prozess ist langsam, kann mehrere Monate dauern und garantiert keine erfolgreiche L\u00f6sung. Dennoch kann eine sorgf\u00e4ltige \u00dcberwachung des Eintrags auf neue Bewertungen und eine rechtzeitige Reaktion auf negative Bewertungen von gro\u00dfem Nutzen sein, da die Leute eher dazu neigen, ihr Feedback zu verbessern, wenn sie sofort kontaktiert werden, und ihnen eine Entschuldigung oder eine L\u00f6sung f\u00fcr das Problem angeboten wird, auf das sie gesto\u00dfen sind Gesch\u00e4fte mit Ihnen machen. Im Rahmen des Google Maps Listing-Dienstes bieten wir unseren Kunden auch einige Strategien an, die es ihnen erm\u00f6glichen, mehr positive Bewertungen von ihren aktuellen Kunden zu generieren, denn schlie\u00dflich schadet es nicht, Ihre dankbaren Kunden daran zu erinnern, dass es gut ist, einen positiven Kommentar auf Google zu hinterlassen Karma f\u00fcr alle.<\/span><\/p><p><span style=\"font-weight: 400;\">Warum ist es wichtig, eine hohe Bewertung Ihres Unternehmens auf Google Maps zu haben?\u00a0<\/span><\/p><p><span style=\"font-weight: 400;\">Google Maps-Eintr\u00e4ge mit guten Rezensionen und vielen F\u00fcnf-Sterne-Bewertungen k\u00f6nnen die Sichtbarkeit Ihres Unternehmens f\u00fcr potenzielle Kunden in Ihrer N\u00e4he verbessern, den organischen Verkehr auf Ihrer Website steigern und m\u00f6glicherweise neue Leads generieren, was sie zu einem \u201eMust-have\u201c f\u00fcr erfolgreiches SEO macht. wenn auch nicht kritisch. Wenn Ihr Google-Eintrag zu viele niedrige Bewertungen und negative Rezensionen aufweist, ist es ratsam, ihn so weit wie m\u00f6glich zu verbessern, indem Sie Ihre fr\u00fcheren Kunden kontaktieren, die mit Ihren Dienstleistungen zufrieden waren, und sie freundlich bitten, Ihr Unternehmen auf Google zu bewerten. Bedenken Sie jedoch, dass diese Bewertungen authentisch sein m\u00fcssen und Sie im Austausch f\u00fcr Bewertungen keine kostenlosen Dienste oder Bezahlung anbieten k\u00f6nnen, sondern lediglich ein echtes \u201eDankesch\u00f6n\u201c.<\/span><\/p>\t\t\t\t\t\t\t\t<\/div>\n\t\t\t\t<\/div>\n\t\t\t\t\t<\/div>\n\t\t<\/div>\n\t\t\t\t\t<\/div>\n\t\t<\/section>\n\t\t\t\t<section class=\"elementor-section elementor-top-section elementor-element elementor-element-d8b286e elementor-section-height-min-height elementor-hidden-tablet elementor-hidden-mobile elementor-section-boxed elementor-section-height-default elementor-section-items-middle\" data-id=\"d8b286e\" data-element_type=\"section\" data-e-type=\"section\" data-settings=\"{&quot;background_background&quot;:&quot;classic&quot;}\">\n\t\t\t\t\t\t\t<div class=\"elementor-background-overlay\"><\/div>\n\t\t\t\t\t\t\t<div class=\"elementor-container elementor-column-gap-default\">\n\t\t\t\t\t<div class=\"elementor-column elementor-col-50 elementor-top-column elementor-element elementor-element-d3e2983\" data-id=\"d3e2983\" data-element_type=\"column\" data-e-type=\"column\">\n\t\t\t<div class=\"elementor-widget-wrap\">\n\t\t\t\t\t\t\t<\/div>\n\t\t<\/div>\n\t\t\t\t<div class=\"elementor-column elementor-col-50 elementor-top-column elementor-element elementor-element-075a741\" data-id=\"075a741\" data-element_type=\"column\" data-e-type=\"column\">\n\t\t\t<div class=\"elementor-widget-wrap elementor-element-populated\">\n\t\t\t\t\t\t<div class=\"elementor-element elementor-element-b6a2e6c elementor-widget elementor-widget-heading\" data-id=\"b6a2e6c\" data-element_type=\"widget\" data-e-type=\"widget\" data-settings=\"{&quot;_animation&quot;:&quot;none&quot;,&quot;_animation_mobile&quot;:&quot;none&quot;}\" data-widget_type=\"heading.default\">\n\t\t\t\t<div class=\"elementor-widget-container\">\n\t\t\t\t\t<div class=\"elementor-heading-title elementor-size-default\">Bauarbeiten im Gange<\/div>\t\t\t\t<\/div>\n\t\t\t\t<\/div>\n\t\t\t\t<div class=\"elementor-element elementor-element-90489a4 elementor-align-justify elementor-widget elementor-widget-button\" data-id=\"90489a4\" data-element_type=\"widget\" data-e-type=\"widget\" data-widget_type=\"button.default\">\n\t\t\t\t<div class=\"elementor-widget-container\">\n\t\t\t\t\t\t\t\t\t<div class=\"elementor-button-wrapper\">\n\t\t\t\t\t<a class=\"elementor-button elementor-button-link elementor-size-lg\" href=\"https:\/\/seojokers.com\/de\/contact\/\">\n\t\t\t\t\t\t<span class=\"elementor-button-content-wrapper\">\n\t\t\t\t\t\t\t\t\t<span class=\"elementor-button-text\">HaHaHaHa!<\/span>\n\t\t\t\t\t<\/span>\n\t\t\t\t\t<\/a>\n\t\t\t\t<\/div>\n\t\t\t\t\t\t\t\t<\/div>\n\t\t\t\t<\/div>\n\t\t\t\t\t<\/div>\n\t\t<\/div>\n\t\t\t\t\t<\/div>\n\t\t<\/section>\n\t\t\t\t<\/div>","protected":false},"excerpt":{"rendered":"<p>Applies a strategic and targetted approach in search engine optimization. This service increases the chance of your website to be found locally within a city, region, or state. \u00a0 Business that aim to transact with clients within a certain vicinity are often in need of Local SEO. It allows people within a specified geographic area [&hellip;]<\/p>\n","protected":false},"author":1,"featured_media":0,"parent":4989,"menu_order":0,"comment_status":"closed","ping_status":"closed","template":"","meta":{"footnotes":""},"class_list":["post-14065","page","type-page","status-publish","hentry"],"_links":{"self":[{"href":"https:\/\/seojokers.com\/de\/wp-json\/wp\/v2\/pages\/14065","targetHints":{"allow":["GET"]}}],"collection":[{"href":"https:\/\/seojokers.com\/de\/wp-json\/wp\/v2\/pages"}],"about":[{"href":"https:\/\/seojokers.com\/de\/wp-json\/wp\/v2\/types\/page"}],"author":[{"embeddable":true,"href":"https:\/\/seojokers.com\/de\/wp-json\/wp\/v2\/users\/1"}],"replies":[{"embeddable":true,"href":"https:\/\/seojokers.com\/de\/wp-json\/wp\/v2\/comments?post=14065"}],"version-history":[{"count":73,"href":"https:\/\/seojokers.com\/de\/wp-json\/wp\/v2\/pages\/14065\/revisions"}],"predecessor-version":[{"id":45842,"href":"https:\/\/seojokers.com\/de\/wp-json\/wp\/v2\/pages\/14065\/revisions\/45842"}],"up":[{"embeddable":true,"href":"https:\/\/seojokers.com\/de\/wp-json\/wp\/v2\/pages\/4989"}],"wp:attachment":[{"href":"https:\/\/seojokers.com\/de\/wp-json\/wp\/v2\/media?parent=14065"}],"curies":[{"name":"wp","href":"https:\/\/api.w.org\/{rel}","templated":true}]}}