{"id":13143,"date":"2022-04-16T07:39:39","date_gmt":"2022-04-16T07:39:39","guid":{"rendered":"https:\/\/seojokers.com\/?page_id=13143"},"modified":"2023-10-17T06:39:24","modified_gmt":"2023-10-17T06:39:24","slug":"jobs","status":"publish","type":"page","link":"https:\/\/seojokers.com\/de\/jobs\/","title":{"rendered":"Karriere"},"content":{"rendered":"<div data-elementor-type=\"wp-page\" data-elementor-id=\"13143\" class=\"elementor elementor-13143\" data-elementor-post-type=\"page\">\n\t\t\t\t\t\t<section class=\"elementor-section elementor-top-section elementor-element elementor-element-549fb5c elementor-section-boxed elementor-section-height-default elementor-section-height-default\" data-id=\"549fb5c\" data-element_type=\"section\" data-e-type=\"section\">\n\t\t\t\t\t\t<div class=\"elementor-container elementor-column-gap-default\">\n\t\t\t\t\t<div class=\"elementor-column elementor-col-100 elementor-top-column elementor-element elementor-element-900c9ae\" data-id=\"900c9ae\" data-element_type=\"column\" data-e-type=\"column\">\n\t\t\t<div class=\"elementor-widget-wrap elementor-element-populated\">\n\t\t\t\t\t\t<div class=\"elementor-element elementor-element-3c13e50 elementor-widget elementor-widget-text-editor\" data-id=\"3c13e50\" data-element_type=\"widget\" data-e-type=\"widget\" data-widget_type=\"text-editor.default\">\n\t\t\t\t<div class=\"elementor-widget-container\">\n\t\t\t\t\t\t\t\t\t<p><b>Android-Entwickler<\/b><\/p><p>\u00a0<\/p><p><span style=\"font-weight: 400;\">Die Hauptaufgabe f\u00fcr Android-Entwickler besteht darin, funktionierende, hochwertige Android-Anwendungen zu entwickeln und bereitzustellen, die ein angenehmes Benutzererlebnis bieten. Erforderlich sind gute Analyse- und Probleml\u00f6sungsf\u00e4higkeiten, Vertrautheit mit neuen Technologietrends sowie vorherige Erfahrung mit verschiedenen Programmiersprachen (z. B. Java, Kotlin, C++ usw.), Entwicklungskits (Android SDK und NDK) und Code Versionierung (und erforderliche Tools wie Git), APIs und Testtools.\u00a0<\/span><\/p><p>\u00a0<\/p><p><b>WordPress-Entwickler<\/b><\/p><p>\u00a0<\/p><p><span style=\"font-weight: 400;\">Muss (nat\u00fcrlich) mit WordPress vertraut sein und wissen, wie man Themes und Plugins implementiert, die dabei helfen, die Website entsprechend den Anforderungen von Suchmaschinen und Kundenspezifikationen zu optimieren. Da die Teammitglieder h\u00e4ufig kommunizieren, sind gute Probleml\u00f6sungsf\u00e4higkeiten und gute Teamf\u00e4higkeiten erforderlich, und es ist von entscheidender Bedeutung, einen guten Arbeitsablauf aufrechtzuerhalten. Der ideale Kandidat h\u00e4tte keine Angst davor, dem Rest des Teams neue Ideen und Verbesserungen vorzuschlagen, um den Bed\u00fcrfnissen und Anforderungen des Kunden gerecht zu werden und wertvolle Erfahrungen zu sammeln.\u00a0<\/span><\/p><p><br \/><br \/><\/p><p><b>Frontend-Webentwickler<\/b><\/p><p>\u00a0<\/p><p><span style=\"font-weight: 400;\">Die Frontend-Entwicklung konzentriert sich haupts\u00e4chlich auf das Website-Design. Wir glauben, dass ein Kandidat, der sich bewirbt, idealerweise mit HTML, CSS, JavaScript usw. vertraut sein sollte, \u00fcber ausgezeichnete Designf\u00e4higkeiten, ein gutes Verst\u00e4ndnis der SEO-Prinzipien und der M\u00f6glichkeiten, diese in den Entwicklungsprozess einzubeziehen, sowie \u00fcber Team- und Teamf\u00e4higkeit verf\u00fcgen sollte Kommunikationsf\u00e4higkeiten, um im Team zu agieren. PHP-Kenntnisse sind ein gro\u00dfes Plus.\u00a0<\/span><\/p><p>\u00a0<\/p><p><b>Technischer Schreiber<\/b><\/p><p>\u00a0<\/p><p><span style=\"font-weight: 400;\">Technische Redakteure sollten Erfahrung in der Erstellung von Dokumenten haben, die dem Anwender helfen, sich mit dem Produkt zurechtzufinden. Zu diesen Inhalten geh\u00f6ren Benutzerhandb\u00fccher, API-Entwicklerhandb\u00fccher, Einrichtungsanweisungen, Systembetriebsanweisungen usw. Top-Kandidaten sollten sich mit Codierungs- und Skriptsprachen auskennen, die Prozesse hinter der Webentwicklung verstehen und sich mit der Ver\u00f6ffentlichung von Software(n) (IBM, Ektron, Whatfix) auskennen , usw.)<\/span><span style=\"font-weight: 400;\">, <\/span><span style=\"font-weight: 400;\">Analyseplattform(en) (Google Analytics, Open Web Analytics usw.). Der Kandidat sollte in der Lage sein, die ihm bekannten Informationen auf eine f\u00fcr den Benutzer verst\u00e4ndliche, n\u00fctzliche und ansprechende Weise darzustellen. Seien Sie bereit, mit einem Expertenteam zusammenzuarbeiten. Gute Kommunikationsf\u00e4higkeiten und ein effektives Zeitmanagement sind daher von Vorteil.<\/span><\/p><p>\u00a0<\/p><p><b>PPC-\/SEM-\/Werbekampagnenmanagement<\/b><\/p><p>\u00a0<\/p><p><span style=\"font-weight: 400;\">Sie sollten in der Lage sein, Tests durchzuf\u00fchren, relevante Marketingdaten zu sammeln und zu analysieren, mit aktuellen Marketing- und Werbetrends Schritt zu halten, Website-Analysen durchzuf\u00fchren, Kampagnenausgaben zu verwalten und monatliche oder j\u00e4hrliche Kosten abzusch\u00e4tzen. Wir betrachten alle Kommunikationsf\u00e4higkeiten als gro\u00dfen Vorteil, ebenso wie einen scharfen Blick f\u00fcr Details und die F\u00e4higkeit, verschiedene Analysetools (Google Analytics, Omniture, WebTrends usw.) zu verwenden. Au\u00dferdem sollten Sie sich mit A\/B-Tests und multivariaten Experimenten auskennen und zumindest einige Kenntnisse in HTML, CSS und JavaScript haben.\u00a0<\/span><\/p><p>\u00a0<\/p><p><b>Texter<\/b><\/p><p>\u00a0<\/p><p><span style=\"font-weight: 400;\">Idealerweise sollte der Kandidat in der Lage sein, \u00fcber Produktverpackungen und -kennzeichnungen, Brosch\u00fcren, Blogbeitr\u00e4ge, E-Mails und andere \u00e4hnliche Texte zu schreiben, das Material Korrektur zu lesen und sich aktiv an der Erstellung der Markensprache zu beteiligen und sicherzustellen, dass alle Inhalte mit dieser \u00fcbereinstimmen. Da Sie mit anderen Experten zusammenarbeiten, erwarten wir von Ihnen ein hohes Ma\u00df an Liebe zum Detail, gesteigerte Kreativit\u00e4t, schnelle Probleml\u00f6sung und effektive Kommunikationsf\u00e4higkeiten. Ihre Schreib- und Englischkenntnisse sind ein Muss \u2013 Grammatik, Stil und Fluss.<\/span><\/p><p><br \/><br \/><\/p><p><b>Inhalts Autor<\/b><\/p><p>\u00a0<\/p><p><span style=\"font-weight: 400;\">Der Kandidat sollte \u00fcber erste Erfahrung im Verfassen, Schreiben und Recherchieren branchenbezogener Themen verf\u00fcgen. Sie sollten kreativ sein und in der Lage sein, viele relevante und genaue Informationen zu einem Thema einzubringen und mit den M\u00f6glichkeiten vertraut zu sein, einen Text klar, pr\u00e4gnant und allgemein ansprechend f\u00fcr den Benutzer zu gestalten. Sie sollten in der Lage sein, Inhalte f\u00fcr verschiedene Websites zu erstellen und im Einklang mit SEO-Strategien zu schreiben, die ein Team umsetzen m\u00f6chte. Gro\u00dfe Kommunikationsf\u00e4higkeiten und gute Teamarbeit sind ebenfalls wichtige Vorteile, da Sie mit anderen Experten zusammenarbeiten. Seien Sie bereit, neue Ideen und L\u00f6sungen zu entwickeln, wenn Probleme auftreten. Das Verfassen plagiatsfreier Texte ist ein Muss.\u00a0<\/span><\/p><p>\u00a0<\/p><p><span style=\"font-weight: 400;\">Der von uns gesuchte Kandidat sollte au\u00dferdem in der Lage sein, verschiedene Texte genau zu \u00fcberpr\u00fcfen, auf grammatikalische und stilistische Fehler zu pr\u00fcfen, Plagiate festzustellen und \u00c4nderungen und Aktualisierungen des Textes vorzuschlagen.<\/span><\/p><p>\u00a0<\/p><p><b>Grafikdesigner<\/b><\/p><p>\u00a0<\/p><p><span style=\"font-weight: 400;\">Wir suchen jemanden, der die \u00e4sthetischen Elemente von Websites, Publikationen, Zeitschriften, Produktverpackungen, Ausstellungen und mehr gestaltet. Ihre Grafiken sollten die Aufmerksamkeit des Betrachters erregen und die beabsichtigte Botschaft vermitteln. Sie m\u00fcssen \u00fcber eine gute F\u00e4higkeit verf\u00fcgen, Anforderungen in Design umzusetzen, sowie \u00fcber ein kreatives Gesp\u00fcr daf\u00fcr. Wir m\u00f6chten, dass Sie in der Lage sind, effektiv zu kommunizieren und systematisch in einer Teamumgebung zu arbeiten.<\/span><\/p><p>\u00a0<\/p><p><b>Social-Media-Manager<\/b><\/p><p>\u00a0<\/p><p><span style=\"font-weight: 400;\">Ein Social-Media-Spezialist ist f\u00fcr die Produktion und das Teilen von Inhalten auf allen Social-Media-Kan\u00e4len wie Facebook, Twitter und Instagram verantwortlich, um unser Publikum zu erweitern und die Markenbekanntheit zu steigern.\u00a0<\/span><\/p><p>\u00a0<\/p><p><span style=\"font-weight: 400;\">Ein Social-Media-Spezialist ist au\u00dferdem f\u00fcr das kreative Design, die Leserinteraktion und die Website-Statistiken verantwortlich.<\/span><\/p><p>\u00a0<\/p><p><span style=\"font-weight: 400;\">Sie sollten die Zielgruppe jeder Social-Media-Plattform kennen und in der Lage sein, Material bereitzustellen, das sowohl \u00fcberzeugend als auch spezifisch f\u00fcr die typischen Benutzerinteraktionen auf jeder Plattform ist.<\/span><\/p><p>\u00a0<\/p><p><span style=\"font-weight: 400;\">Neben der Entwicklung von Strategien sind Sie m\u00f6glicherweise auch f\u00fcr Community-Management, kreative Leitung, Kundenservice, Texterstellung und Datenanalyse im Zusammenhang mit Social-Media-Konten verantwortlich.\u00a0<\/span><\/p><p>\u00a0<\/p><p><b>Verwaltungsassistent (pers\u00f6nlicher virtueller Assistent)<\/b><\/p><p>\u00a0<\/p><p><span style=\"font-weight: 400;\">Wenn Sie gut darin sind, Reise- und Besprechungsvorbereitungen zu treffen, Berichte zu erstellen und mit den richtigen Dateisystemen Schritt zu halten, sollten Sie dar\u00fcber nachdenken, unserem Team als Verwaltungsassistent beizutreten.\u00a0<\/span><\/p><p>\u00a0<\/p><p><span style=\"font-weight: 400;\">Der ideale Bewerber kann seine Arbeit mithilfe von Tools wie MS Excel und B\u00fcromaterialien organisieren und verf\u00fcgt \u00fcber hervorragende m\u00fcndliche und schriftliche Kommunikationsf\u00e4higkeiten. Dar\u00fcber hinaus erwarten wir von Ihnen, dass Sie bereits Erfahrung als Sekret\u00e4rin oder Verwaltungsassistentin gesammelt haben und mit der Branche vertraut sind.<\/span><\/p><p>\u00a0<\/p><p><span style=\"font-weight: 400;\">Sie \u00fcbernehmen eine Vielzahl administrativer Aufgaben, wie z. B. die Beantwortung von E-Mails, die Organisation von Besprechungen und die Planung von Reisen. Eine zuverl\u00e4ssige Internetverbindung und Kenntnisse von Kommunikations-Apps wie Google Meet sind Voraussetzungen f\u00fcr diese Position.<\/span><\/p><p>\u00a0<\/p><p><b>Projektmanager<\/b><\/p><p>\u00a0<\/p><p><span style=\"font-weight: 400;\">Wir suchen einen Projektmanager, der sich um die Planung und Verteilung von Ressourcen, die Erstellung von Budgets, die \u00dcberwachung des Projektfortschritts und die Kommunikation mit Stakeholdern k\u00fcmmert. Sie werden f\u00fcr eine Vielzahl von Initiativen ben\u00f6tigt, unter anderem in den Bereichen Marketing, Informationstechnologie, Personalwesen und Bauwesen.<\/span><\/p><p>\u00a0<\/p><p><b>Einstellungsspezialist<\/b><\/p><p>\u00a0<\/p><p><span style=\"font-weight: 400;\">Zu den Aufgaben eines Einstellungsspezialisten in unserem Team geh\u00f6rt es, sowohl kurz- als auch langfristige Einstellungsstrategien zu entwickeln, unsere offenen Stellen zu vermarkten und Personen sowohl online als auch offline (z. B. w\u00e4hrend der Karrieretage) zu finden. Sie ben\u00f6tigen umfassende Erfahrung in der Personalbeschaffung und sind stark Kommunikationsf\u00e4higkeiten, um in dieser Position erfolgreich zu sein. Sie m\u00fcssen sicherstellen, dass wir den Bewerbern eine gute Erfahrung bieten und unsere Einstellungsanforderungen erf\u00fcllen.<\/span><\/p><p><br \/><br \/><br \/><\/p><p><span style=\"font-weight: 400;\">Pers\u00f6nlicher Assistent (Idaho)<\/span><\/p><p><span style=\"font-weight: 400;\">Bewaffneter Sicherheitsbeamter (Idaho)<\/span><\/p>\t\t\t\t\t\t\t\t<\/div>\n\t\t\t\t<\/div>\n\t\t\t\t\t<\/div>\n\t\t<\/div>\n\t\t\t\t\t<\/div>\n\t\t<\/section>\n\t\t\t\t<\/div>","protected":false},"excerpt":{"rendered":"<p>Android Developer \u00a0 The main task for Android developers is developing and delivering functioning, quality Android applications that provide a pleasant user experience. Good analytical and problem-solving skills are required, familiarity with new technology trends, as well as a previous experience with different programming languages (for example, Java, Kotlin, C++, etc.), developing kits (Android SDK [&hellip;]<\/p>\n","protected":false},"author":1,"featured_media":0,"parent":0,"menu_order":0,"comment_status":"closed","ping_status":"closed","template":"","meta":{"footnotes":""},"class_list":["post-13143","page","type-page","status-publish","hentry"],"_links":{"self":[{"href":"https:\/\/seojokers.com\/de\/wp-json\/wp\/v2\/pages\/13143","targetHints":{"allow":["GET"]}}],"collection":[{"href":"https:\/\/seojokers.com\/de\/wp-json\/wp\/v2\/pages"}],"about":[{"href":"https:\/\/seojokers.com\/de\/wp-json\/wp\/v2\/types\/page"}],"author":[{"embeddable":true,"href":"https:\/\/seojokers.com\/de\/wp-json\/wp\/v2\/users\/1"}],"replies":[{"embeddable":true,"href":"https:\/\/seojokers.com\/de\/wp-json\/wp\/v2\/comments?post=13143"}],"version-history":[{"count":46,"href":"https:\/\/seojokers.com\/de\/wp-json\/wp\/v2\/pages\/13143\/revisions"}],"predecessor-version":[{"id":43287,"href":"https:\/\/seojokers.com\/de\/wp-json\/wp\/v2\/pages\/13143\/revisions\/43287"}],"wp:attachment":[{"href":"https:\/\/seojokers.com\/de\/wp-json\/wp\/v2\/media?parent=13143"}],"curies":[{"name":"wp","href":"https:\/\/api.w.org\/{rel}","templated":true}]}}